{"id":55328,"date":"2021-01-11T00:09:33","date_gmt":"2021-01-11T00:09:33","guid":{"rendered":"https:\/\/projectfood-fr.stackstaging.com\/?post_type=product&#038;p=55328"},"modified":"2024-07-18T10:40:29","modified_gmt":"2024-07-18T08:40:29","slug":"filiere-pour-machine-a-pates-fraiches-tagliatelle-2","status":"publish","type":"product","link":"https:\/\/projectfood.fr\/?product=filiere-pour-machine-a-pates-fraiches-tagliatelle-2","title":{"rendered":"Fili\u00e8re pour machine \u00e0 p\u00e2tes fra\u00eeches tagliatelle"},"content":{"rendered":"<h2><span style=\"font-size: 16px;\"><strong><span style=\"color: #2185c2;\">Fili\u00e8re pour machine \u00e0 p\u00e2tes fra\u00eeches, tagliatelle<\/span><\/strong><\/span><\/h2>\n<p><span style=\"color: #000000; font-size: 15px;\">Fili\u00e8re pour machine \u00e0 p\u00e2tes fra\u00eeches.<\/span><\/p>\n","protected":false},"excerpt":{"rendered":"<p style=\"text-align: center;\"><span style=\"font-size: medium;\"><strong><span style=\"font-size: small;\"><span style=\"color: #ff6600;\"><span style=\"color: #3366ff; font-size: medium;\"><span style=\"color: #2185c2;\">LIVRAISON PROMPTE<\/span><\/span><\/span><\/span> &#8211; <span style=\"color: #339966;\">ACCESSOIRE<\/span><\/strong><\/span><\/p>\n","protected":false},"featured_media":55329,"template":"","meta":{"inline_featured_image":false},"product_brand":[],"product_cat":[1728],"product_tag":[],"class_list":{"0":"post-55328","1":"product","2":"type-product","3":"status-publish","4":"has-post-thumbnail","6":"product_cat-accessoires-9","7":"pa_allow-quotation-2352","8":"pa_codice-produttore-ft25l","9":"pa_ean-16976","10":"pa_fornitore-fama","11":"pa_madeinitaly-oui","12":"pa_product-image-size-0-2","13":"pa_prontaconsegna-oui","15":"first","16":"instock","17":"taxable","18":"shipping-taxable","19":"purchasable","20":"product-type-simple"},"df_price":75,"df_sale_price":"","df_regular_price":75,"df_image_link":"https:\/\/projectfood.fr\/wp-content\/uploads\/2021\/01\/products-ft25l.jpg","_links":{"self":[{"href":"https:\/\/projectfood.fr\/index.php?rest_route=\/wp\/v2\/product\/55328","targetHints":{"allow":["GET"]}}],"collection":[{"href":"https:\/\/projectfood.fr\/index.php?rest_route=\/wp\/v2\/product"}],"about":[{"href":"https:\/\/projectfood.fr\/index.php?rest_route=\/wp\/v2\/types\/product"}],"wp:featuredmedia":[{"embeddable":true,"href":"https:\/\/projectfood.fr\/index.php?rest_route=\/wp\/v2\/media\/55329"}],"wp:attachment":[{"href":"https:\/\/projectfood.fr\/index.php?rest_route=%2Fwp%2Fv2%2Fmedia&parent=55328"}],"wp:term":[{"taxonomy":"product_brand","embeddable":true,"href":"https:\/\/projectfood.fr\/index.php?rest_route=%2Fwp%2Fv2%2Fproduct_brand&post=55328"},{"taxonomy":"product_cat","embeddable":true,"href":"https:\/\/projectfood.fr\/index.php?rest_route=%2Fwp%2Fv2%2Fproduct_cat&post=55328"},{"taxonomy":"product_tag","embeddable":true,"href":"https:\/\/projectfood.fr\/index.php?rest_route=%2Fwp%2Fv2%2Fproduct_tag&post=55328"}],"curies":[{"name":"wp","href":"https:\/\/api.w.org\/{rel}","templated":true}]}}