{"id":56015,"date":"2021-01-30T00:49:48","date_gmt":"2021-01-30T00:49:48","guid":{"rendered":"https:\/\/projectfood-fr.stackstaging.com\/?post_type=product&#038;p=56015"},"modified":"2024-08-28T17:12:17","modified_gmt":"2024-08-28T15:12:17","slug":"collier-pour-hotte-avec-trou-45x45","status":"publish","type":"product","link":"https:\/\/projectfood.fr\/?product=collier-pour-hotte-avec-trou-45x45","title":{"rendered":"Collier pour hotte avec trou 45&#215;45"},"content":{"rendered":"<h2><span style=\"font-size: 16px;\"><strong style=\"color: #2185c2;\">Collier pour hotte pour raccordement \u00e0 conduit d\u2019\u00e9vacuation \u00e0 diam\u00e8tre variable\u00a0 <\/strong><\/span><\/h2>\n<p><span style=\"color: #000000; font-size: 15px;\">Trou sur la hotte L450xP450 mm<\/span><\/p>\n<p>&nbsp;<\/p>\n","protected":false},"excerpt":{"rendered":"<p style=\"text-align: center;\"><span style=\"color: #2185c2;\"><strong><span style=\"color: #339966;\">MADE<\/span> <span style=\"color: #c0c0c0;\">IN<\/span> <span style=\"color: #ff0000;\">ITALY<\/span><\/strong> <span style=\"color: #000000;\">&#8211;<\/span> <strong>ACIER INOX<\/strong>\u00a0<\/span><\/p>\n","protected":false},"featured_media":56074,"template":"","meta":{"inline_featured_image":false},"product_brand":[],"product_cat":[2108],"product_tag":[],"class_list":{"0":"post-56015","1":"product","2":"type-product","3":"status-publish","4":"has-post-thumbnail","6":"product_cat-colliers","7":"pa_allow-quotation-2352","8":"pa_codice-produttore-c45xc45","9":"pa_diametre-de-sortie-oe-12-mm","10":"pa_diametre-de-sortie-oe-13-mm","11":"pa_diametre-de-sortie-oe-14-mm","12":"pa_diametre-de-sortie-oe-15-mm","13":"pa_diametre-de-sortie-oe-16-mm","14":"pa_diametre-de-sortie-oe-17-mm","15":"pa_diametre-de-sortie-oe-18-mm","16":"pa_diametre-de-sortie-oe-19-mm","17":"pa_diametre-de-sortie-oe-20-mm","18":"pa_diametre-de-sortie-oe-21-mm","19":"pa_diametre-de-sortie-oe-22-mm","20":"pa_diametre-de-sortie-oe-23-mm","21":"pa_diametre-de-sortie-oe-24-mm","22":"pa_diametre-de-sortie-oe-25-mm","23":"pa_diametre-de-sortie-oe-26-mm","24":"pa_diametre-de-sortie-oe-27-mm","25":"pa_diametre-de-sortie-oe-28-mm","26":"pa_diametre-de-sortie-oe-29-mm","27":"pa_diametre-de-sortie-oe-30-mm","28":"pa_diametre-de-sortie-oe-31-mm","29":"pa_diametre-de-sortie-oe-32-mm","30":"pa_diametre-de-sortie-oe-33-mm","31":"pa_diametre-de-sortie-oe-34-mm","32":"pa_diametre-de-sortie-oe-35-mm","33":"pa_diametre-de-sortie-oe-36-mm","34":"pa_diametre-de-sortie-oe-37-mm","35":"pa_diametre-de-sortie-oe-38-mm","36":"pa_diametre-de-sortie-oe-39-mm","37":"pa_diametre-de-sortie-oe-40-mm","38":"pa_ean-17329","39":"pa_fornitore-ristopro","40":"pa_madeinitaly-oui","41":"pa_product-image-size-0-2","43":"first","44":"instock","45":"taxable","46":"shipping-taxable","47":"purchasable","48":"product-type-variable"},"df_price":91,"df_sale_price":"","df_regular_price":91,"df_image_link":"https:\/\/projectfood.fr\/wp-content\/uploads\/2021\/01\/products-piastra_collarino_cappa_45x45.jpg","_links":{"self":[{"href":"https:\/\/projectfood.fr\/index.php?rest_route=\/wp\/v2\/product\/56015","targetHints":{"allow":["GET"]}}],"collection":[{"href":"https:\/\/projectfood.fr\/index.php?rest_route=\/wp\/v2\/product"}],"about":[{"href":"https:\/\/projectfood.fr\/index.php?rest_route=\/wp\/v2\/types\/product"}],"wp:featuredmedia":[{"embeddable":true,"href":"https:\/\/projectfood.fr\/index.php?rest_route=\/wp\/v2\/media\/56074"}],"wp:attachment":[{"href":"https:\/\/projectfood.fr\/index.php?rest_route=%2Fwp%2Fv2%2Fmedia&parent=56015"}],"wp:term":[{"taxonomy":"product_brand","embeddable":true,"href":"https:\/\/projectfood.fr\/index.php?rest_route=%2Fwp%2Fv2%2Fproduct_brand&post=56015"},{"taxonomy":"product_cat","embeddable":true,"href":"https:\/\/projectfood.fr\/index.php?rest_route=%2Fwp%2Fv2%2Fproduct_cat&post=56015"},{"taxonomy":"product_tag","embeddable":true,"href":"https:\/\/projectfood.fr\/index.php?rest_route=%2Fwp%2Fv2%2Fproduct_tag&post=56015"}],"curies":[{"name":"wp","href":"https:\/\/api.w.org\/{rel}","templated":true}]}}