{"id":56725,"date":"2021-02-21T15:24:23","date_gmt":"2021-02-21T15:24:23","guid":{"rendered":"https:\/\/projectfood-fr.stackstaging.com\/?post_type=product&#038;p=56725"},"modified":"2024-07-10T14:58:09","modified_gmt":"2024-07-10T12:58:09","slug":"melangeur-a-immersion-a-vitesse-fixe-puissance-250-watt","status":"publish","type":"product","link":"https:\/\/projectfood.fr\/?product=melangeur-a-immersion-a-vitesse-fixe-puissance-250-watt","title":{"rendered":"M\u00e9langeur \u00e0 immersion \u00e0 vitesse fixe, puissance 250 Watt"},"content":{"rendered":"<h2 style=\"text-align: justify;\"><span style=\"font-size: 16px;\"><strong><span style=\"color: #3366ff;\"><span style=\"color: #2185c2;\">Groupe moteur de 250 Watt avec vitesse fixe<\/span><\/span><\/strong><\/span><\/h2>\n<p><span style=\"color: #000000; font-size: 15px;\">Le <strong>m\u00e9langeur \u00e0 immersion professionnel<\/strong> est une machine id\u00e9ale pour les restaurants, les glaciers et les h\u00f4tels<\/span><\/p>\n<p><span style=\"text-align: justify; color: #000000; font-size: 15px;\"><strong>Poids est contenu <\/strong>du m\u00e9langeur permet une utilisation facile.<\/span><\/p>\n<p><span style=\"text-align: justify; color: #000000; font-size: 15px;\">La structure du m\u00e9langeur est en plastique avec un design innovant.<\/span><\/p>\n<p><span style=\"text-align: justify; color: #000000; font-size: 15px;\">Le<strong>\u00a0moteur est ventil\u00e9 avec la protection thermique<\/strong>\u00a0<\/span><\/p>\n<p><span style=\"text-align: justify; color: #000000; font-size: 15px;\"><strong>Vitesse fixe \u00e0 15000 tours par minute\u00a0<\/strong><\/span><\/p>\n<p style=\"text-align: justify;\"><span style=\"color: #000000; font-size: 15px;\">Raccord rapide pour accessoires non inclus<\/span><\/p>\n<p style=\"text-align: justify;\"><span style=\"color: #2185c2; font-size: 15px;\"><strong>ACCESSOIRES NON INCLUS:<\/strong><\/span><\/p>\n<ul>\n<li><span style=\"color: #000000; font-size: 15px;\"><strong>Malaxeur<\/strong> longueur 200 mm, 250 mm<\/span><\/li>\n<li><span style=\"color: #000000; font-size: 15px;\"><strong>Homog\u00e9n\u00e9isateur <\/strong>longueur 200 mm, 250 mm<\/span><\/li>\n<li><span style=\"color: #000000; font-size: 15px;\"><strong>Tube \u00e9mulsion<\/strong> longueur 200 mm, 250 mm\u00a0<\/span><\/li>\n<li><span style=\"color: #000000; font-size: 15px;\"><strong>Fouet<\/strong><\/span><\/li>\n<\/ul>\n<p><span style=\"color: #2185c2; font-size: 15px;\"><strong>NETTOYAGE ET ENTRETIEN\u00a0<\/strong><\/span><\/p>\n<p><span style=\"color: #000000; font-size: 15px;\">Le m\u00e9langeur a besoin d\u2019un nettoyage constant pour durer.<\/span><\/p>\n<p><span style=\"font-size: 15px; color: #000000;\">Il est recommand\u00e9 de nettoyer le m\u00e9langeur chaque fois que vous l\u2019utilisez<\/span><\/p>\n<p><span style=\"color: #000000; font-size: 15px;\">Pour toute information, le personnel de\u00a0<strong><span style=\"color: #2185c2;\">Projectfood\u00a0<\/span><\/strong>est \u00e0 votre disposition<\/span><\/p>\n","protected":false},"excerpt":{"rendered":"<p style=\"text-align: center;\"><strong><span style=\"font-size: medium;\"><span style=\"font-size: 16px; color: #2185c2;\">LIVRAISON PROMPTE<\/span> &#8211;<span style=\"color: #339966;\"> MADE <span style=\"color: #c0c0c0;\">IN<\/span><span style=\"color: #ff0000;\"> ITALY<\/span><\/span><\/span><\/strong><\/p>\n","protected":false},"featured_media":56726,"template":"","meta":{"inline_featured_image":false},"product_brand":[],"product_cat":[1396,1397],"product_tag":[],"class_list":{"0":"post-56725","1":"product","2":"type-product","3":"status-publish","4":"has-post-thumbnail","6":"product_cat-melangeur","7":"product_cat-melangeur-cuisine","8":"pa_24-heures-si-7","9":"pa_allow-quotation-2352","10":"pa_codice-produttore-fm250vf","11":"pa_diametre-75-mm-2","12":"pa_ean-17579","13":"pa_fornitore-fama","14":"pa_hauteur-285-mm","15":"pa_madeinitaly-oui","16":"pa_product-image-size-0-2","17":"pa_regulateur-de-vitesse-non","18":"pa_vitesse-15000-giri-rpm","19":"pa_voltage-250-watt","21":"first","22":"instock","23":"taxable","24":"shipping-taxable","25":"purchasable","26":"product-type-simple"},"df_price":134,"df_sale_price":"","df_regular_price":134,"df_image_link":"https:\/\/projectfood.fr\/wp-content\/uploads\/2021\/02\/products-pff250fm_1.jpg","_links":{"self":[{"href":"https:\/\/projectfood.fr\/index.php?rest_route=\/wp\/v2\/product\/56725","targetHints":{"allow":["GET"]}}],"collection":[{"href":"https:\/\/projectfood.fr\/index.php?rest_route=\/wp\/v2\/product"}],"about":[{"href":"https:\/\/projectfood.fr\/index.php?rest_route=\/wp\/v2\/types\/product"}],"wp:featuredmedia":[{"embeddable":true,"href":"https:\/\/projectfood.fr\/index.php?rest_route=\/wp\/v2\/media\/56726"}],"wp:attachment":[{"href":"https:\/\/projectfood.fr\/index.php?rest_route=%2Fwp%2Fv2%2Fmedia&parent=56725"}],"wp:term":[{"taxonomy":"product_brand","embeddable":true,"href":"https:\/\/projectfood.fr\/index.php?rest_route=%2Fwp%2Fv2%2Fproduct_brand&post=56725"},{"taxonomy":"product_cat","embeddable":true,"href":"https:\/\/projectfood.fr\/index.php?rest_route=%2Fwp%2Fv2%2Fproduct_cat&post=56725"},{"taxonomy":"product_tag","embeddable":true,"href":"https:\/\/projectfood.fr\/index.php?rest_route=%2Fwp%2Fv2%2Fproduct_tag&post=56725"}],"curies":[{"name":"wp","href":"https:\/\/api.w.org\/{rel}","templated":true}]}}