{"id":56728,"date":"2021-02-21T16:04:14","date_gmt":"2021-02-21T16:04:14","guid":{"rendered":"https:\/\/projectfood-fr.stackstaging.com\/?post_type=product&#038;p=56728"},"modified":"2024-08-09T09:14:20","modified_gmt":"2024-08-09T07:14:20","slug":"thermometre-digital-impermeable-a-leau-avec-sonde-temperature-50c-a-300c","status":"publish","type":"product","link":"https:\/\/projectfood.fr\/?product=thermometre-digital-impermeable-a-leau-avec-sonde-temperature-50c-a-300c","title":{"rendered":"Thermom\u00e8tre digital imperm\u00e9able \u00e0 l\u2019eau avec sonde, temp\u00e9rature  -50\u00b0C \u00e0 300\u00b0C"},"content":{"rendered":"<h2><span style=\"font-size: 16px;\"><strong style=\"color: #2185c2;\">Thermom\u00e8tre digital \u00e9tanche de poche<\/strong><\/span><\/h2>\n<p><span style=\"font-size: 15px; color: #000000;\">Le thermom\u00e8tre digital de poche d\u00e9tecte des <strong> temp\u00e9ratures allant de -50\u00b0C \u00e0 +300\u00b0C<\/strong><\/span><\/p>\n<p><span style=\"font-size: 15px; color: #000000;\">Le thermom\u00e8tre est \u00e9quip\u00e9 d\u2019un<b> \u00e9tui de protection et d\u2019une sonde de 11 cm <\/b>de longuer<b> <\/b><\/span><\/p>\n<p><span style=\"font-size: 15px;\"><span style=\"color: #000000;\">Pour toute information, le personnel de <strong><span style=\"color: #2185c2;\">Projectfood<\/span> <\/strong>est \u00e0 votre disposition<\/span><\/span><\/p>\n","protected":false},"excerpt":{"rendered":"<p style=\"text-align: center;\"><strong><span style=\"font-size: medium;\"><span style=\"color: #2185c2;\">LIVRAISON PROMTE <\/span> &#8211; <span style=\"color: #339966;\">ACCESSOIRE<\/span><\/span><\/strong><\/p>\n","protected":false},"featured_media":56729,"template":"","meta":{"inline_featured_image":false},"product_brand":[],"product_cat":[2104],"product_tag":[],"class_list":{"0":"post-56728","1":"product","2":"type-product","3":"status-publish","4":"has-post-thumbnail","6":"product_cat-thermometres","7":"pa_allow-quotation-2352","8":"pa_codice-produttore-diter","9":"pa_ean-17581","10":"pa_fornitore-karel","11":"pa_product-image-size-0-2","12":"pa_prontaconsegna-oui","14":"first","15":"instock","16":"taxable","17":"shipping-taxable","18":"purchasable","19":"product-type-simple"},"df_price":19,"df_sale_price":"","df_regular_price":19,"df_image_link":"https:\/\/projectfood.fr\/wp-content\/uploads\/2021\/02\/products-pf-585869.jpg","_links":{"self":[{"href":"https:\/\/projectfood.fr\/index.php?rest_route=\/wp\/v2\/product\/56728","targetHints":{"allow":["GET"]}}],"collection":[{"href":"https:\/\/projectfood.fr\/index.php?rest_route=\/wp\/v2\/product"}],"about":[{"href":"https:\/\/projectfood.fr\/index.php?rest_route=\/wp\/v2\/types\/product"}],"wp:featuredmedia":[{"embeddable":true,"href":"https:\/\/projectfood.fr\/index.php?rest_route=\/wp\/v2\/media\/56729"}],"wp:attachment":[{"href":"https:\/\/projectfood.fr\/index.php?rest_route=%2Fwp%2Fv2%2Fmedia&parent=56728"}],"wp:term":[{"taxonomy":"product_brand","embeddable":true,"href":"https:\/\/projectfood.fr\/index.php?rest_route=%2Fwp%2Fv2%2Fproduct_brand&post=56728"},{"taxonomy":"product_cat","embeddable":true,"href":"https:\/\/projectfood.fr\/index.php?rest_route=%2Fwp%2Fv2%2Fproduct_cat&post=56728"},{"taxonomy":"product_tag","embeddable":true,"href":"https:\/\/projectfood.fr\/index.php?rest_route=%2Fwp%2Fv2%2Fproduct_tag&post=56728"}],"curies":[{"name":"wp","href":"https:\/\/api.w.org\/{rel}","templated":true}]}}