{"id":56736,"date":"2021-02-21T16:37:32","date_gmt":"2021-02-21T16:37:32","guid":{"rendered":"https:\/\/projectfood-fr.stackstaging.com\/?post_type=product&#038;p=56736"},"modified":"2024-08-09T09:26:58","modified_gmt":"2024-08-09T07:26:58","slug":"thermometre-infrarouge-avec-ecran-temperature-de-50c-a-580c","status":"publish","type":"product","link":"https:\/\/projectfood.fr\/?product=thermometre-infrarouge-avec-ecran-temperature-de-50c-a-580c","title":{"rendered":"Thermom\u00e8tre infrarouge avec \u00e9cran, temp\u00e9rature de -50\u00b0C \u00e0 +580\u00b0C"},"content":{"rendered":"<h2><span style=\"font-size: 16px;\"><strong style=\"color: #2185c2;\">Thermom\u00e8tre digital infrarouge\u00a0\u00a0<\/strong><\/span><\/h2>\n<p><span style=\"font-size: 15px; color: #000000;\">Le thermom\u00e8tre \u00e0 bulbe d\u00e9tecte des <strong>temp\u00e9ratures de -50\u00b0C \u00e0 +580\u00b0C<\/strong><strong>\u00a0<\/strong><\/span><\/p>\n<p><span style=\"font-size: 15px; color: #000000;\">Le thermom\u00e8tre a une<strong> structure en plastique et un \u00e9cran LCD<\/strong><\/span><\/p>\n<p><span style=\"font-size: 15px;\"><span style=\"color: #000000;\">Le thermom\u00e8tre <strong style=\"color: #000000;\"> a le<\/strong><\/span><strong style=\"color: #000000;\">\u00a0bo\u00eetier inclus dans le prix<\/strong><\/span><\/p>\n<p><span style=\"font-size: 15px;\"><span style=\"color: #000000;\">Pour toute information, le personnel de <strong><span style=\"color: #2185c2;\">Projectfood<\/span> <\/strong>est \u00e0 votre disposition<\/span><\/span><\/p>\n<p>&nbsp;<\/p>\n<p>&nbsp;<\/p>\n<p>&nbsp;<\/p>\n<p>&nbsp;<\/p>\n","protected":false},"excerpt":{"rendered":"<p style=\"text-align: center;\"><strong><span style=\"font-size: medium;\"><span style=\"color: #339966;\">ACCESSOIRE<\/span><\/span><\/strong><\/p>\n","protected":false},"featured_media":56737,"template":"","meta":{"inline_featured_image":false},"product_brand":[],"product_cat":[2104],"product_tag":[],"class_list":{"0":"post-56736","1":"product","2":"type-product","3":"status-publish","4":"has-post-thumbnail","6":"product_cat-thermometres","7":"pa_allow-quotation-2352","8":"pa_codice-produttore-gunter","9":"pa_ean-17589","10":"pa_fornitore-karel","11":"pa_product-image-size-0-2","13":"first","14":"instock","15":"taxable","16":"shipping-taxable","17":"purchasable","18":"product-type-simple"},"df_price":72,"df_sale_price":"","df_regular_price":72,"df_image_link":"https:\/\/projectfood.fr\/wp-content\/uploads\/2021\/02\/products-pf-585969_2.jpg","_links":{"self":[{"href":"https:\/\/projectfood.fr\/index.php?rest_route=\/wp\/v2\/product\/56736","targetHints":{"allow":["GET"]}}],"collection":[{"href":"https:\/\/projectfood.fr\/index.php?rest_route=\/wp\/v2\/product"}],"about":[{"href":"https:\/\/projectfood.fr\/index.php?rest_route=\/wp\/v2\/types\/product"}],"wp:featuredmedia":[{"embeddable":true,"href":"https:\/\/projectfood.fr\/index.php?rest_route=\/wp\/v2\/media\/56737"}],"wp:attachment":[{"href":"https:\/\/projectfood.fr\/index.php?rest_route=%2Fwp%2Fv2%2Fmedia&parent=56736"}],"wp:term":[{"taxonomy":"product_brand","embeddable":true,"href":"https:\/\/projectfood.fr\/index.php?rest_route=%2Fwp%2Fv2%2Fproduct_brand&post=56736"},{"taxonomy":"product_cat","embeddable":true,"href":"https:\/\/projectfood.fr\/index.php?rest_route=%2Fwp%2Fv2%2Fproduct_cat&post=56736"},{"taxonomy":"product_tag","embeddable":true,"href":"https:\/\/projectfood.fr\/index.php?rest_route=%2Fwp%2Fv2%2Fproduct_tag&post=56736"}],"curies":[{"name":"wp","href":"https:\/\/api.w.org\/{rel}","templated":true}]}}