{"id":58722,"date":"2021-03-30T16:35:52","date_gmt":"2021-03-30T16:35:52","guid":{"rendered":"https:\/\/projectfood-fr.stackstaging.com\/?post_type=product&#038;p=58722"},"modified":"2024-02-27T00:03:19","modified_gmt":"2024-02-26T23:03:19","slug":"vitrine-chauffante-de-banc-capacite-160-lt-avec-verre-courbe","status":"publish","type":"product","link":"https:\/\/projectfood.fr\/?product=vitrine-chauffante-de-banc-capacite-160-lt-avec-verre-courbe","title":{"rendered":"Vitrine chauffante de banc capacit\u00e9 160 lt avec verre courb\u00e9"},"content":{"rendered":"<h2><span style=\"font-size: 16px;\"><span style=\"color: #1784c4;\"><strong>Vitrine chauffante inox avec 3 \u00e9tages, temp. de +30 \u00b0C \u00e0 +90\u00b0C <\/strong><\/span><\/span><\/h2>\n<p><span style=\"color: #000000; font-size: 15px;\">La<strong> vitrine chauff\u00e9e<\/strong> est parfaite <strong>pour garder au chaud <\/strong> tous les types d\u2019aliments: sandwichs, toasts, piadins et amuse-gueules.<\/span><\/p>\n<p><span style=\"color: #000000; font-size: 15px;\">Elle a <strong>une structure robuste en acier inox,<\/strong> <strong>avec des verres dispos\u00e9s<\/strong> <strong>sur les 4 c\u00f4t\u00e9s<\/strong> pour faciliter la vision du produit \u00e0 l\u2019int\u00e9rieur.<\/span><\/p>\n<p><span style=\"font-size: 15px; color: #000000;\">Les <strong>portes arri\u00e8re<\/strong> sont <strong>coulissantes<\/strong>.<\/span><\/p>\n<p><span style=\"color: #000000; font-size: 15px;\">La vitrine a des <strong>simples commandes ON\/OFF<\/strong>\u00a0et un t\u00e9moin lumineux indiquant que l\u2019appareil fonctionne.<\/span><\/p>\n<p><span style=\"color: #000000; font-size: 15px;\">Pendant le chauffage, il s\u2019allume puis s\u2019\u00e9teint lorsque la temp\u00e9rature souhait\u00e9e est atteinte.<\/span><\/p>\n<p><span style=\"color: #000000; font-size: 15px;\">Elle a une temp\u00e9rature r\u00e9glable entre <strong>+30\u00b0 C et +90\u00b0C <\/strong>\u00e0 travers un bouton et vous pouvez contr\u00f4ler la temp\u00e9rature gr\u00e2ce \u00e0 un thermom\u00e8tre.<\/span><\/p>\n<p><span style=\"color: #000000; font-size: 15px;\">La vitrine a 3<strong>\u00a0\u00e9tag\u00e8res chrom\u00e9es amovibles et r\u00e9glables en hauteur (385 mm x 330 mm) \u00e0 l\u2019int\u00e9rieur.<\/strong><\/span><\/p>\n<p><span style=\"font-size: 15px; color: #000000;\">La vitrine est \u00e9quip\u00e9e d\u2019un<strong> panneau lumineux \u00e0 led frontale et interne<\/strong>.<\/span><\/p>\n<p><span style=\"font-size: 15px; color: #000000;\">La vitrine est \u00e9quip\u00e9e d\u2019un r\u00e9cipient d\u2019eau sp\u00e9cial qui permet de maintenir la bonne humidit\u00e9 \u00e0 l\u2019int\u00e9rieur du pr\u00e9sentoir.<\/span><\/p>\n<p><span style=\"font-size: 15px;\"><strong style=\"color: #2185c2;\">\u00c9QUIPEMENT DE S\u00c9RIE<\/strong><\/span><\/p>\n<ul>\n<li><span style=\"color: #000000; font-size: 15px;\">Grilles en acier inox<\/span><\/li>\n<li><span style=\"color: #000000; font-size: 15px;\">Lumi\u00e8re led<\/span><\/li>\n<li><span style=\"color: #000000; font-size: 15px;\">C\u00e2ble et prise d\u2019alimentation<\/span><\/li>\n<\/ul>\n<div><span style=\"font-size: 15px;\"><strong style=\"color: #2185c2;\">Pour toute information, nous sommes \u00e0 votre disposition<\/strong><\/span><\/div>\n","protected":false},"excerpt":{"rendered":"<p style=\"text-align: center;\"><span style=\"color: #2185c2;\"><strong>LIVRAISON PROMPTE<\/strong><\/span><\/p>\n<div class=\"su-youtube su-u-responsive-media-yes\"><iframe width=\"500\" height=\"400\" src=\"https:\/\/www.youtube.com\/embed\/Wp4Jzp3FjYo?autohide=2&amp;autoplay=1&amp;mute=1&amp;controls=1&amp;fs=1&amp;loop=1&amp;modestbranding=1&amp;playlist=Wp4Jzp3FjYo&amp;rel=0&amp;showinfo=1&amp;theme=dark&amp;wmode=opaco&amp;playsinline=0\" frameborder=\"0\" allowfullscreen allow=\"autoplay; encrypted-media; picture-in-picture\" title=\"\"><\/iframe><\/div>\n","protected":false},"featured_media":58723,"template":"","meta":{"inline_featured_image":false},"product_brand":[],"product_cat":[1447],"product_tag":[],"class_list":{"0":"post-58722","1":"product","2":"type-product","3":"status-publish","4":"has-post-thumbnail","6":"product_cat-vitrines-chaudes","7":"pa_24-heures-si-7","8":"pa_alimentation-230-1n-50-monophase","9":"pa_allow-quotation-2352","10":"pa_codice-produttore-ak160ec","11":"pa_controle-de-temperature-manuel","12":"pa_dimensions-exterieures-lxpxh-l860xp570x670-mm","13":"pa_ean-18981","14":"pa_fornitore-amitek","15":"pa_nombre-etageres-3-etage","16":"pa_product-image-size-0-2","17":"pa_puissance-watt-800-watt-4","18":"pa_temperature-30c-a-90c-2","19":"pa_typologie-de-presentoirs-vitrine-chauffante","21":"first","22":"instock","23":"taxable","24":"shipping-taxable","25":"purchasable","26":"product-type-simple"},"df_price":607,"df_sale_price":"","df_regular_price":607,"df_image_link":"https:\/\/projectfood.fr\/wp-content\/uploads\/2021\/03\/products-ak160ec_1.jpg","_links":{"self":[{"href":"https:\/\/projectfood.fr\/index.php?rest_route=\/wp\/v2\/product\/58722","targetHints":{"allow":["GET"]}}],"collection":[{"href":"https:\/\/projectfood.fr\/index.php?rest_route=\/wp\/v2\/product"}],"about":[{"href":"https:\/\/projectfood.fr\/index.php?rest_route=\/wp\/v2\/types\/product"}],"wp:featuredmedia":[{"embeddable":true,"href":"https:\/\/projectfood.fr\/index.php?rest_route=\/wp\/v2\/media\/58723"}],"wp:attachment":[{"href":"https:\/\/projectfood.fr\/index.php?rest_route=%2Fwp%2Fv2%2Fmedia&parent=58722"}],"wp:term":[{"taxonomy":"product_brand","embeddable":true,"href":"https:\/\/projectfood.fr\/index.php?rest_route=%2Fwp%2Fv2%2Fproduct_brand&post=58722"},{"taxonomy":"product_cat","embeddable":true,"href":"https:\/\/projectfood.fr\/index.php?rest_route=%2Fwp%2Fv2%2Fproduct_cat&post=58722"},{"taxonomy":"product_tag","embeddable":true,"href":"https:\/\/projectfood.fr\/index.php?rest_route=%2Fwp%2Fv2%2Fproduct_tag&post=58722"}],"curies":[{"name":"wp","href":"https:\/\/api.w.org\/{rel}","templated":true}]}}