{"id":59123,"date":"2021-04-27T17:43:56","date_gmt":"2021-04-27T15:43:56","guid":{"rendered":"https:\/\/projectfood-fr.stackstaging.com\/?post_type=product&#038;p=59123"},"modified":"2024-02-24T12:31:05","modified_gmt":"2024-02-24T11:31:05","slug":"planche-a-decouper-en-polyethylene-alimentaire-jaune-dimensions-l60xp40xh2-cm","status":"publish","type":"product","link":"https:\/\/projectfood.fr\/?product=planche-a-decouper-en-polyethylene-alimentaire-jaune-dimensions-l60xp40xh2-cm","title":{"rendered":"Planche \u00e0 D\u00e9couper en Poly\u00e9thyl\u00e8ne Alimentaire Jaune dimensions L60xP40xH2 cm"},"content":{"rendered":"<p style=\"text-align: justify;\"><span style=\"color: #2185c2; font-size: medium;\"><strong>Planche \u00e0 D\u00e9couper\u00a0en Poly\u00e9thyl\u00e8ne Jaune<\/strong><\/span><\/p>\n<p><span style=\"color: #000000;\">Planche \u00e0 d\u00e9couper en poly\u00e9thyl\u00e8ne pour aliments<\/span><\/p>\n<p><strong><span style=\"color: #2185c2;\">NETTOYAGE ET ENTRETIEN\u00a0<\/span><\/strong><\/p>\n<p>La planche \u00e0 d\u00e9couper a besoin d\u2019un nettoyage constant pour durer.<\/p>\n<p>Pour toute information <strong>le personnel de <span style=\"color: #2185c2;\">Projectfood<\/span><\/strong><span style=\"color: #000000;\"> est \u00e0 votre disposition<\/span><\/p>\n","protected":false},"excerpt":{"rendered":"<p style=\"text-align: center;\"><span style=\"color: #2185c2; font-size: large;\"><strong>LIVRAISON PROMPTE &#8211; <\/strong><\/span><span style=\"font-size: medium;\"><strong style=\"color: #2185c2;\"><span style=\"color: #339966;\">MADE<\/span><span style=\"color: #c0c0c0;\"> IN<\/span> <span style=\"color: #ff0000;\">ITALY<\/span>\u00a0<\/strong><\/span><\/p>\n","protected":false},"featured_media":59124,"template":"","meta":{"inline_featured_image":false},"product_brand":[],"product_cat":[1632],"product_tag":[],"class_list":{"0":"post-59123","1":"product","2":"type-product","3":"status-publish","4":"has-post-thumbnail","6":"product_cat-piani-polietilene","7":"pa_allow-quotation-0-3","8":"pa_codice-produttore-tp60402y","9":"pa_couleur-jaune","10":"pa_dimension-exterieure-lxp-l600xp400xh20-mm","11":"pa_ean-19264","12":"pa_epaisseur-2-cm","13":"pa_fornitore-fimar","14":"pa_madeinitaly-oui","15":"pa_materiel-de-construction-polyethylene","16":"pa_product-image-size-0-2","17":"pa_prontaconsegna-oui","19":"first","20":"instock","21":"taxable","22":"shipping-taxable","23":"purchasable","24":"product-type-simple"},"df_price":55,"df_sale_price":"","df_regular_price":55,"df_image_link":"https:\/\/projectfood.fr\/wp-content\/uploads\/2021\/04\/products-tagliere_giallo-min_1_.jpg","_links":{"self":[{"href":"https:\/\/projectfood.fr\/index.php?rest_route=\/wp\/v2\/product\/59123","targetHints":{"allow":["GET"]}}],"collection":[{"href":"https:\/\/projectfood.fr\/index.php?rest_route=\/wp\/v2\/product"}],"about":[{"href":"https:\/\/projectfood.fr\/index.php?rest_route=\/wp\/v2\/types\/product"}],"wp:featuredmedia":[{"embeddable":true,"href":"https:\/\/projectfood.fr\/index.php?rest_route=\/wp\/v2\/media\/59124"}],"wp:attachment":[{"href":"https:\/\/projectfood.fr\/index.php?rest_route=%2Fwp%2Fv2%2Fmedia&parent=59123"}],"wp:term":[{"taxonomy":"product_brand","embeddable":true,"href":"https:\/\/projectfood.fr\/index.php?rest_route=%2Fwp%2Fv2%2Fproduct_brand&post=59123"},{"taxonomy":"product_cat","embeddable":true,"href":"https:\/\/projectfood.fr\/index.php?rest_route=%2Fwp%2Fv2%2Fproduct_cat&post=59123"},{"taxonomy":"product_tag","embeddable":true,"href":"https:\/\/projectfood.fr\/index.php?rest_route=%2Fwp%2Fv2%2Fproduct_tag&post=59123"}],"curies":[{"name":"wp","href":"https:\/\/api.w.org\/{rel}","templated":true}]}}