{"id":70730,"date":"2022-01-24T22:14:22","date_gmt":"2022-01-24T21:14:22","guid":{"rendered":"https:\/\/projectfood-fr.stackstaging.com\/?post_type=product&#038;p=70730"},"modified":"2024-02-24T12:30:00","modified_gmt":"2024-02-24T11:30:00","slug":"grille-plastifiee-pour-refrigerateur-a-boissons","status":"publish","type":"product","link":"https:\/\/projectfood.fr\/?product=grille-plastifiee-pour-refrigerateur-a-boissons","title":{"rendered":"Grille plastifi\u00e9e blanche suppl\u00e9mentaire pour les r\u00e9frig\u00e9rateurs \u00e0 boissons"},"content":{"rendered":"<p><strong><span style=\"color: #2185c2;\" data-sheets-value=\"{&quot;1&quot;:2,&quot;2&quot;:&quot;Grille plastifi\u00e9e pour r\u00e9frig\u00e9rateur\\r&quot;}\" data-sheets-userformat=\"{&quot;2&quot;:14913,&quot;3&quot;:{&quot;1&quot;:0},&quot;9&quot;:0,&quot;12&quot;:0,&quot;14&quot;:{&quot;1&quot;:2,&quot;2&quot;:0},&quot;15&quot;:&quot;Arial&quot;,&quot;16&quot;:10}\">Grille plastifi\u00e9e suppl\u00e9mentaire pour les r\u00e9frig\u00e9rateurs \u00e0 boissons de couleur blanc<\/span><\/strong><\/p>\n","protected":false},"excerpt":{"rendered":"<p style=\"text-align: center;\"><span style=\"color: #2185c2;\"><strong>LIVRAISON PROMPTE<\/strong><\/span><\/p>\n","protected":false},"featured_media":35526,"template":"","meta":{"inline_featured_image":false},"product_brand":[],"product_cat":[1374],"product_tag":[],"class_list":{"0":"post-70730","1":"product","2":"type-product","3":"status-publish","4":"has-post-thumbnail","6":"product_cat-griglie-per-frigo","7":"pa_codice-produttore-mns134","8":"pa_ean-23659","9":"pa_fornitore-klimaitalia","10":"pa_prontaconsegna-oui","12":"first","13":"instock","14":"taxable","15":"shipping-taxable","16":"purchasable","17":"product-type-simple"},"df_price":24,"df_sale_price":"","df_regular_price":24,"df_image_link":"https:\/\/projectfood.fr\/wp-content\/uploads\/2020\/07\/products-she16_1.jpg","_links":{"self":[{"href":"https:\/\/projectfood.fr\/index.php?rest_route=\/wp\/v2\/product\/70730","targetHints":{"allow":["GET"]}}],"collection":[{"href":"https:\/\/projectfood.fr\/index.php?rest_route=\/wp\/v2\/product"}],"about":[{"href":"https:\/\/projectfood.fr\/index.php?rest_route=\/wp\/v2\/types\/product"}],"wp:featuredmedia":[{"embeddable":true,"href":"https:\/\/projectfood.fr\/index.php?rest_route=\/wp\/v2\/media\/35526"}],"wp:attachment":[{"href":"https:\/\/projectfood.fr\/index.php?rest_route=%2Fwp%2Fv2%2Fmedia&parent=70730"}],"wp:term":[{"taxonomy":"product_brand","embeddable":true,"href":"https:\/\/projectfood.fr\/index.php?rest_route=%2Fwp%2Fv2%2Fproduct_brand&post=70730"},{"taxonomy":"product_cat","embeddable":true,"href":"https:\/\/projectfood.fr\/index.php?rest_route=%2Fwp%2Fv2%2Fproduct_cat&post=70730"},{"taxonomy":"product_tag","embeddable":true,"href":"https:\/\/projectfood.fr\/index.php?rest_route=%2Fwp%2Fv2%2Fproduct_tag&post=70730"}],"curies":[{"name":"wp","href":"https:\/\/api.w.org\/{rel}","templated":true}]}}