{"id":70832,"date":"2022-01-25T21:46:39","date_gmt":"2022-01-25T20:46:39","guid":{"rendered":"https:\/\/projectfood-fr.stackstaging.com\/?post_type=product&#038;p=70832"},"modified":"2024-02-24T12:28:57","modified_gmt":"2024-02-24T11:28:57","slug":"element-neutre-double-de-800-sur-compartiment-a-jour","status":"publish","type":"product","link":"https:\/\/projectfood.fr\/?product=element-neutre-double-de-800-sur-compartiment-a-jour","title":{"rendered":"\u00c9l\u00e9ment neutre double de 800 sur compartiment \u00e0 jour"},"content":{"rendered":"<h2 style=\"text-align: justify;\"><span style=\"color: #2185c2; font-size: 16px;\"><strong>\u00c9l\u00e9ment Neutre de 80 cm en Acier Inox , Profondeur 900 mm\u00a0<\/strong><\/span><\/h2>\n<p><span style=\"color: #000000; font-size: 15px;\">\u00c9l\u00e9ment Neutre <strong>Project Food<\/strong>\u00a0garantissent une compatibilit\u00e9 maximale \u00e0 la combinaison avec diff\u00e9rentes performances comparables \u00e0 la grande restauration.<\/span><\/p>\n<p><span style=\"color: #000000; text-align: justify; font-size: 15px;\">Leur polyvalence les rend parfaits pour les cuisines professionnelles des petits et grands restaurants, des cantines et des fast-foods, sans exception.<\/span><\/p>\n<p><span style=\"font-size: 15px;\"><strong style=\"color: #1784c4; text-align: justify;\">Caract\u00e9ristiques Principales de ce mod\u00e8le<\/strong><\/span><\/p>\n<p><span style=\"color: #000000; font-size: 15px;\"><span style=\"text-align: justify;\">La structure e<span style=\"color: #000000;\">st en <\/span><\/span><strong style=\"text-align: justify;\">acier inox AISI 304<\/strong><span style=\"text-align: justify;\"> pour garantir la solidit\u00e9 et la longue dur\u00e9e du produit.<\/span><\/span><\/p>\n<p><span style=\"color: #000000; font-size: 15px;\">L\u2019 <strong>\u00e9tage sup\u00e9rieur est en acier inox AISI 304 18\/10<\/strong><\/span><\/p>\n<p><span style=\"color: #000000; font-size: 15px;\">Pieds r\u00e9glables en hauteur en acier inox.<\/span><\/p>\n<div class=\"column\"><span style=\"color: #ff0000; font-size: 15px;\">Portes de fermeture disponibles en option (voir accessoires)<\/span><\/div>\n","protected":false},"excerpt":{"rendered":"<p style=\"text-align: left;\"><span style=\"font-size: small;\"><strong><span style=\"color: #339966;\">MADE <\/span><span style=\"color: #c0c0c0;\">IN<\/span> <span style=\"color: #ff6600;\"><span style=\"color: #ff0000;\">ITALY<\/span>\u00a0<\/span><\/strong><\/span><\/p>\n","protected":false},"featured_media":70828,"template":"","meta":{"inline_featured_image":false},"product_brand":[],"product_cat":[2052],"product_tag":[],"class_list":{"0":"post-70832","1":"product","2":"type-product","3":"status-publish","4":"has-post-thumbnail","6":"product_cat-elemements-neutres-profondeur-90-cm","7":"pa_codice-produttore-lq-enn4ba","8":"pa_dimensions-lxpxh-mm-l800xp900xh850-mm","9":"pa_ean-6818","10":"pa_fornitore-casta","11":"pa_madeinitaly-oui","12":"pa_profondeur-900-mm-4","13":"pa_structure-externe-acier-inoxydable-aisi-304-2","15":"first","16":"instock","17":"taxable","18":"shipping-taxable","19":"purchasable","20":"product-type-simple"},"df_price":1094,"df_sale_price":"","df_regular_price":1094,"df_image_link":"https:\/\/projectfood.fr\/wp-content\/uploads\/2022\/01\/PFP9ELN2VG-min-300x300.jpg","_links":{"self":[{"href":"https:\/\/projectfood.fr\/index.php?rest_route=\/wp\/v2\/product\/70832","targetHints":{"allow":["GET"]}}],"collection":[{"href":"https:\/\/projectfood.fr\/index.php?rest_route=\/wp\/v2\/product"}],"about":[{"href":"https:\/\/projectfood.fr\/index.php?rest_route=\/wp\/v2\/types\/product"}],"wp:featuredmedia":[{"embeddable":true,"href":"https:\/\/projectfood.fr\/index.php?rest_route=\/wp\/v2\/media\/70828"}],"wp:attachment":[{"href":"https:\/\/projectfood.fr\/index.php?rest_route=%2Fwp%2Fv2%2Fmedia&parent=70832"}],"wp:term":[{"taxonomy":"product_brand","embeddable":true,"href":"https:\/\/projectfood.fr\/index.php?rest_route=%2Fwp%2Fv2%2Fproduct_brand&post=70832"},{"taxonomy":"product_cat","embeddable":true,"href":"https:\/\/projectfood.fr\/index.php?rest_route=%2Fwp%2Fv2%2Fproduct_cat&post=70832"},{"taxonomy":"product_tag","embeddable":true,"href":"https:\/\/projectfood.fr\/index.php?rest_route=%2Fwp%2Fv2%2Fproduct_tag&post=70832"}],"curies":[{"name":"wp","href":"https:\/\/api.w.org\/{rel}","templated":true}]}}