{"id":72244,"date":"2022-03-18T15:01:48","date_gmt":"2022-03-18T14:01:48","guid":{"rendered":"https:\/\/projectfood-fr.stackstaging.com\/?post_type=product&#038;p=72244"},"modified":"2025-03-28T14:30:29","modified_gmt":"2025-03-28T13:30:29","slug":"melangeur-de-viande-monopale-avec-une-capacite-maximale-de-75-kg","status":"publish","type":"product","link":"https:\/\/projectfood.fr\/?product=melangeur-de-viande-monopale-avec-une-capacite-maximale-de-75-kg","title":{"rendered":"M\u00e9langeur de viande monopale avec une capacit\u00e9 maximale de 75 Kg"},"content":{"rendered":"<p><span style=\"font-size: 20px; color: #2185c2;\"><strong>M\u00e9langeur de viande monopale avec une capacit\u00e9 maximale de 75 Kg<\/strong><\/span><\/p>\n<p><span style=\"font-size: 15px; color: #000000;\">Les p\u00e9trins \u00e0 viande se pr\u00e9sentent avec une <strong>structure solide r\u00e9alis\u00e9e enti\u00e8rement en acier inox sabl\u00e9<\/strong>, connu comme mat\u00e9riau facilement hygi\u00e9nique et nettoyable.<\/span><\/p>\n<p><span style=\"font-size: 15px; color: #000000;\">Le p\u00e9trin est \u00e9quip\u00e9 d\u2019une\u00a0<strong>marche arri\u00e8re<\/strong>,\u00a0<strong>de pales amovibles <\/strong>\u00a0et\u00a0<strong>d\u2019un retournement de la cuve de 90\u00b0<\/strong> pour faciliter la vidange et le nettoyage, il est \u00e9galement pr\u00e9sent\u00e9 avec un <strong>Kit de roues, dont 2 avec frein, de s\u00e9rie.<\/strong>.<\/span><\/p>\n<p><span style=\"font-size: 15px; color: #000000;\">La machine permet de\u00a0<strong> travailler <\/strong>en toute\u00a0<strong>s\u00e9curit\u00e9 gr\u00e2ce <\/strong> au <strong>micro-interrupteur de s\u00e9curit\u00e9 plac\u00e9 sur le couvercle et un bouton d\u2019urgence<\/strong>.<\/span><\/p>\n<p><span style=\"font-size: 15px; color: #000000;\">Le m\u00e9langeur de viande est adapt\u00e9 pour p\u00e9trir diff\u00e9rents types de viande et cette polyvalence le rend appropri\u00e9 pour \u00eatre utilis\u00e9 dans les boucheries et les cuisines industrielles.<\/span><\/p>\n<p><span style=\"color: #2185c2;\"><strong>\u00c9QUIPEMENT DE S\u00c9RIE\u00a0:<\/strong><\/span><\/p>\n<ul>\n<li><span style=\"color: #000000; font-size: 15px;\">Chariot en Acier Inox<\/span><\/li>\n<li><span style=\"color: #000000; font-size: 15px;\">Roues avec frein\u00a0\u00a0<\/span><\/li>\n<\/ul>\n<p><span style=\"color: #000000;\">PHOTO PUREMENT INDICATIVE<\/span><\/p>\n","protected":false},"excerpt":{"rendered":"<p>M\u00e9langeur de viande monopale avec une capacit\u00e9 maximale de 75 Kg Les p\u00e9trins \u00e0 viande se pr\u00e9sentent avec une structure solide r\u00e9alis\u00e9e enti\u00e8rement en acier inox sabl\u00e9, connu comme mat\u00e9riau facilement hygi\u00e9nique et nettoyable. Le p\u00e9trin est \u00e9quip\u00e9 d\u2019une\u00a0marche arri\u00e8re,\u00a0de pales amovibles \u00a0et\u00a0d\u2019un retournement de la cuve de 90\u00b0 pour faciliter la vidange et le [&hellip;]<\/p>\n","protected":false},"featured_media":41882,"template":"","meta":{"inline_featured_image":false},"product_brand":[],"product_cat":[1623],"product_tag":[],"class_list":{"0":"post-72244","1":"product","2":"type-product","3":"status-publish","4":"has-post-thumbnail","6":"product_cat-petrisseuse-a-viande","7":"pa_alimentation-triphase-400v-3n-50-60hz","8":"pa_capacite-75-kg","9":"pa_codice-produttore-fic75m","10":"pa_dimension-exterieure-lxp-l980xp460xh1020-mm","11":"pa_ean-21204","12":"pa_fornitore-fama","13":"pa_madeinitaly-oui","14":"pa_materiel-de-construction-acier-aisi-304","15":"pa_prontaconsegna-oui","16":"pa_puissance-150-kwatt-hp","18":"first","19":"instock","20":"taxable","21":"shipping-taxable","22":"purchasable","23":"product-type-simple"},"df_price":3721,"df_sale_price":"","df_regular_price":3721,"df_image_link":"https:\/\/projectfood.fr\/wp-content\/uploads\/2020\/07\/products-fic30m-30mc.jpg","_links":{"self":[{"href":"https:\/\/projectfood.fr\/index.php?rest_route=\/wp\/v2\/product\/72244","targetHints":{"allow":["GET"]}}],"collection":[{"href":"https:\/\/projectfood.fr\/index.php?rest_route=\/wp\/v2\/product"}],"about":[{"href":"https:\/\/projectfood.fr\/index.php?rest_route=\/wp\/v2\/types\/product"}],"wp:featuredmedia":[{"embeddable":true,"href":"https:\/\/projectfood.fr\/index.php?rest_route=\/wp\/v2\/media\/41882"}],"wp:attachment":[{"href":"https:\/\/projectfood.fr\/index.php?rest_route=%2Fwp%2Fv2%2Fmedia&parent=72244"}],"wp:term":[{"taxonomy":"product_brand","embeddable":true,"href":"https:\/\/projectfood.fr\/index.php?rest_route=%2Fwp%2Fv2%2Fproduct_brand&post=72244"},{"taxonomy":"product_cat","embeddable":true,"href":"https:\/\/projectfood.fr\/index.php?rest_route=%2Fwp%2Fv2%2Fproduct_cat&post=72244"},{"taxonomy":"product_tag","embeddable":true,"href":"https:\/\/projectfood.fr\/index.php?rest_route=%2Fwp%2Fv2%2Fproduct_tag&post=72244"}],"curies":[{"name":"wp","href":"https:\/\/api.w.org\/{rel}","templated":true}]}}