{"id":72372,"date":"2022-03-21T17:25:24","date_gmt":"2022-03-21T16:25:24","guid":{"rendered":"https:\/\/projectfood-fr.stackstaging.com\/?post_type=product&#038;p=72372"},"modified":"2024-08-08T11:30:34","modified_gmt":"2024-08-08T09:30:34","slug":"armoire-dressing-biplace-en-acier-inox-304-l950xp400xh2150-mm","status":"publish","type":"product","link":"https:\/\/projectfood.fr\/?product=armoire-dressing-biplace-en-acier-inox-304-l950xp400xh2150-mm","title":{"rendered":"Armoire vestiaire en acier inox 304 \u00e0 deux portes- L950xP400xH2150 mm"},"content":{"rendered":"<h2><span style=\"color: #2185c2; font-size: 16px;\"><strong>Armoire vestiaire\u00a0 en acier inox 304 avec serrure \u00e0 cl\u00e9 L950xP400xH2150 mm<\/strong><\/span><\/h2>\n<p><span style=\"color: #000000; font-size: 15px;\">L\u2019armoire vestiaire <strong>biplace<\/strong> est<strong> construit en acier inox<\/strong><strong>\u00a0304<\/strong><\/span><\/p>\n<p><span style=\"color: #000000; font-size: 15px;\">L\u2019armoire se compose de :<\/span><\/p>\n<ul>\n<li><span style=\"color: #000000; font-size: 15px;\">Une \u00e9tag\u00e8re \u00e0 chapeau sup\u00e9rieur\u00a0\u00a0<\/span><\/li>\n<li><span style=\"color: #000000; font-size: 15px;\">Cloison int\u00e9rieure pour sale et propre<\/span><\/li>\n<li><span style=\"color: #000000; font-size: 15px;\">Une \u00e9tag\u00e8re inf\u00e9rieure pour chaussures<\/span><\/li>\n<li><span style=\"color: #000000; font-size: 15px;\">Cintre \u00e0 v\u00eatements<\/span><\/li>\n<\/ul>\n<p><span style=\"color: #000000; font-size: 15px;\">L&#8217; armoire vestiaire a fourni la serrure \u00e0 cl\u00e9<\/span><\/p>\n<p><span style=\"font-size: 15px;\"><span style=\"color: #339966;\">L\u2019armoire respecte toutes les normes HACCP<\/span>.<\/span><\/p>\n<p><span style=\"font-size: 15px;\"><strong><span style=\"color: #000000;\">L&#8217; armoire a fourni le toit inclin\u00e9\u00a0\u00a0<\/span><\/strong><\/span><\/p>\n<p><span style=\"color: #2185c2; font-size: 15px;\"><strong>ACCESSOIRES DISPONIBLES NON INCLUS DANS LE PRIX<\/strong><\/span><\/p>\n<ul>\n<li><span style=\"color: #000000; font-size: 15px;\"><strong>Fermeture avec bouton pivotant et cl\u00e9<\/strong><\/span><\/li>\n<li><span style=\"color: #000000; font-size: 15px;\"><strong>Fermeture avec cadenas \u00a0<\/strong><\/span><\/li>\n<li><span style=\"color: #000000; font-size: 15px;\"><strong>Banc pour se changer<\/strong><\/span><\/li>\n<\/ul>\n<p><span style=\"font-size: 15px;\"><strong><span style=\"color: #2185c2;\">Pour toute information suppl\u00e9mentaire, nous sommes \u00e0 votre disposition\u00a0<\/span><\/strong><\/span><\/p>\n","protected":false},"excerpt":{"rendered":"<p style=\"text-align: center;\"><span style=\"color: #0000ff; font-size: medium;\"><strong><span style=\"color: #000000;\"><span style=\"font-size: medium; color: #888888;\"><span style=\"color: #2185c2;\">LIVRAISON PROMPTE<\/span><\/span><\/span> <span style=\"color: #000000;\">&#8211;<\/span><span style=\"color: #339966;\"> MADE<\/span> <span style=\"color: #c0c0c0;\">IN<\/span> <span style=\"color: #ff0000;\">ITALY<\/span><\/strong><\/span><\/p>\n","protected":false},"featured_media":43316,"template":"","meta":{"inline_featured_image":false},"product_brand":[],"product_cat":[1941,1709],"product_tag":[],"class_list":{"0":"post-72372","1":"product","2":"type-product","3":"status-publish","4":"has-post-thumbnail","6":"product_cat-acier-inox-304-2","7":"product_cat-armoires-dressing","8":"pa_codice-produttore-694-02","9":"pa_ean-21296","10":"pa_fermeture-de-porte-battante-2","11":"pa_fornitore-inox-power","12":"pa_hauteur-2150-mm","13":"pa_longueur-950-mm","14":"pa_madeinitaly-oui","15":"pa_materiel-de-construction-acier-inoxydable-aisi-304","16":"pa_nombre-portes-n-2-portes","17":"pa_profondeur-400-mm-8","18":"pa_separation-interieure-oui","19":"pa_type-darmoire-armoire-dressing","21":"first","22":"instock","23":"sale","24":"taxable","25":"shipping-taxable","26":"purchasable","27":"product-type-simple"},"df_price":943,"df_sale_price":943,"df_regular_price":1249,"df_image_link":"https:\/\/projectfood.fr\/wp-content\/uploads\/2020\/07\/products-694.02.jpg","_links":{"self":[{"href":"https:\/\/projectfood.fr\/index.php?rest_route=\/wp\/v2\/product\/72372","targetHints":{"allow":["GET"]}}],"collection":[{"href":"https:\/\/projectfood.fr\/index.php?rest_route=\/wp\/v2\/product"}],"about":[{"href":"https:\/\/projectfood.fr\/index.php?rest_route=\/wp\/v2\/types\/product"}],"wp:featuredmedia":[{"embeddable":true,"href":"https:\/\/projectfood.fr\/index.php?rest_route=\/wp\/v2\/media\/43316"}],"wp:attachment":[{"href":"https:\/\/projectfood.fr\/index.php?rest_route=%2Fwp%2Fv2%2Fmedia&parent=72372"}],"wp:term":[{"taxonomy":"product_brand","embeddable":true,"href":"https:\/\/projectfood.fr\/index.php?rest_route=%2Fwp%2Fv2%2Fproduct_brand&post=72372"},{"taxonomy":"product_cat","embeddable":true,"href":"https:\/\/projectfood.fr\/index.php?rest_route=%2Fwp%2Fv2%2Fproduct_cat&post=72372"},{"taxonomy":"product_tag","embeddable":true,"href":"https:\/\/projectfood.fr\/index.php?rest_route=%2Fwp%2Fv2%2Fproduct_tag&post=72372"}],"curies":[{"name":"wp","href":"https:\/\/api.w.org\/{rel}","templated":true}]}}