{"id":83178,"date":"2023-01-30T10:53:31","date_gmt":"2023-01-30T09:53:31","guid":{"rendered":"https:\/\/projectfood-fr.stackstaging.com\/?post_type=product&#038;p=83178"},"modified":"2024-02-24T12:28:59","modified_gmt":"2024-02-24T11:28:59","slug":"fry-top-electrique-professionnel-a-table-avec-plaque-double-lisse","status":"publish","type":"product","link":"https:\/\/projectfood.fr\/?product=fry-top-electrique-professionnel-a-table-avec-plaque-double-lisse","title":{"rendered":"Fry-Top professionnel de table \u00e9lectrique avec plaque double lisse"},"content":{"rendered":"<h2 style=\"text-align: justify;\"><span style=\"color: #2185c2; font-size: 16px;\"><strong>Fry-Top professionnel <\/strong><\/span><span style=\"color: #2185c2; font-size: 16px;\"><strong>\u00a0<\/strong><\/span><span style=\"color: #2185c2; font-size: 16px;\"><strong>de table <\/strong><\/span><span style=\"color: #2185c2; font-size: 16px;\"><strong>\u00e9lectrique <\/strong><\/span><span style=\"color: #2185c2; font-size: 16px;\"><strong>avec plaque double lisse &#8211; profondeur 700 mm\u00a0<\/strong><\/span><\/h2>\n<p><span style=\"color: #000000; font-size: 15px;\">Le Fry Top <strong>Project Food<\/strong>\u00a0garantissent une compatibilit\u00e9 maximale \u00e0 la combinaison avec diff\u00e9rentes performances comparables \u00e0 la grande restauration.<\/span><\/p>\n<p><span style=\"color: #000000; text-align: justify; font-size: 15px;\">Leur polyvalence les rend parfaits pour les cuisines professionnelles des petits et grands restaurants, des cantines et des fast-foods, sans exception.<\/span><\/p>\n<p><span style=\"color: #000000; text-align: justify; font-size: 15px;\">En vous assurant une fonctionnalit\u00e9 efficace au plus haut niveau<\/span><\/p>\n<p><span style=\"font-size: 15px;\"><strong style=\"color: #1784c4; text-align: justify;\">Caract\u00e9ristiques Principales de ce mod\u00e8le<\/strong><\/span><\/p>\n<p><span style=\"color: #000000; font-size: 15px;\"><span style=\"text-align: justify;\">Le Fry Top est r\u00e9alis\u00e9 en <\/span><strong style=\"text-align: justify;\">acier inox <strong>aisi 304 18\/10 <\/strong><\/strong>p<span style=\"text-align: justify;\">our garantir la solidit\u00e9 et la longue dur\u00e9e du produit.<\/span><\/span><\/p>\n<p><span style=\"color: #000000; font-size: 15px;\">La <strong> plaque est en acier inox<\/strong> <strong>AISI 430<\/strong> \u00e9paisseur 15 mm et est chauff\u00e9e par des r\u00e9sistances \u00e9lectriques<\/span><\/p>\n<p><span style=\"color: #000000; font-size: 15px;\">Dimensions plaque: <strong>L800xP530 mm<\/strong><\/span><\/p>\n<p><span style=\"color: #000000; font-size: 15px;\">Contr\u00f4le de puissance avec interrupteur-thermostat. <\/span><\/p>\n<p><span style=\"color: #000000; font-size: 15px;\"><strong>Thermostat de 100\u00b0C-270\u00b0C<\/strong> \u00e0 temp\u00e9rature de travail et thermostat de s\u00e9curit\u00e9 \u00e0 r\u00e9initialisation manuelle<\/span><\/p>\n<p><span style=\"font-size: 15px;\"><strong><span style=\"color: #2185c2;\">Pour toute information, nous sommes \u00e0 votre disposition\u00a0<\/span><\/strong><\/span><\/p>\n","protected":false},"excerpt":{"rendered":"<p style=\"text-align: left;\"><span style=\"font-size: small;\"><strong><span style=\"color: #008080;\">MADE<\/span> <span style=\"color: #c0c0c0;\">IN<\/span> <span style=\"color: #ff6600;\"><span style=\"color: #ff0000;\">ITALY<\/span><\/span><\/strong><\/span><\/p>\n","protected":false},"featured_media":83179,"template":"","meta":{"inline_featured_image":false},"product_brand":[],"product_cat":[22262,22258,22292],"product_tag":[],"class_list":{"0":"post-83178","1":"product","2":"type-product","3":"status-publish","4":"has-post-thumbnail","6":"product_cat-fry-top-de-table-electrique-prof-70-cm","7":"product_cat-fry-top-de-table-prof-70-cm","8":"product_cat-ligne-cuisson-professionnelle-de-table-profondeur-70-cm","9":"pa_alimentation-triphase-400v-3n-50-60hz","10":"pa_codice-produttore-p7-kte2bblk","11":"pa_dimension-plaque-l800xp530-mm","12":"pa_dimensions-lxpxh-mm-l800xp700xh305-mm","13":"pa_ean-22328","14":"pa_fornitore-casta","15":"pa_madeinitaly-oui","16":"pa_materiale-di-co-acier-inoxydable-aisi-430-epaisseur-15-mm","17":"pa_nombre-zone-de-cuisson-2-9","18":"pa_profondeur-700-mm-6","19":"pa_puissance-electrique-deux-zones-de-cuisson-de-54-kw-total-108-kw-2","20":"pa_structure-externe-acier-inoxydable-aisi-304","21":"pa_temperature-min-100-c-max-270-c","22":"pa_type-commande-manuelle","23":"pa_type-plaque-lisse","25":"first","26":"instock","27":"taxable","28":"shipping-taxable","29":"purchasable","30":"product-type-simple"},"df_price":1886,"df_sale_price":"","df_regular_price":1886,"df_image_link":"https:\/\/projectfood.fr\/wp-content\/uploads\/2023\/01\/PFBP7FRY2LE-300x300.jpg","_links":{"self":[{"href":"https:\/\/projectfood.fr\/index.php?rest_route=\/wp\/v2\/product\/83178","targetHints":{"allow":["GET"]}}],"collection":[{"href":"https:\/\/projectfood.fr\/index.php?rest_route=\/wp\/v2\/product"}],"about":[{"href":"https:\/\/projectfood.fr\/index.php?rest_route=\/wp\/v2\/types\/product"}],"wp:featuredmedia":[{"embeddable":true,"href":"https:\/\/projectfood.fr\/index.php?rest_route=\/wp\/v2\/media\/83179"}],"wp:attachment":[{"href":"https:\/\/projectfood.fr\/index.php?rest_route=%2Fwp%2Fv2%2Fmedia&parent=83178"}],"wp:term":[{"taxonomy":"product_brand","embeddable":true,"href":"https:\/\/projectfood.fr\/index.php?rest_route=%2Fwp%2Fv2%2Fproduct_brand&post=83178"},{"taxonomy":"product_cat","embeddable":true,"href":"https:\/\/projectfood.fr\/index.php?rest_route=%2Fwp%2Fv2%2Fproduct_cat&post=83178"},{"taxonomy":"product_tag","embeddable":true,"href":"https:\/\/projectfood.fr\/index.php?rest_route=%2Fwp%2Fv2%2Fproduct_tag&post=83178"}],"curies":[{"name":"wp","href":"https:\/\/api.w.org\/{rel}","templated":true}]}}