{"id":83224,"date":"2023-01-30T14:12:17","date_gmt":"2023-01-30T13:12:17","guid":{"rendered":"https:\/\/projectfood-fr.stackstaging.com\/?post_type=product&#038;p=83224"},"modified":"2023-01-30T14:48:13","modified_gmt":"2023-01-30T13:48:13","slug":"boite-a-glace-pour-machine-capacite-160-kg","status":"publish","type":"product","link":"https:\/\/projectfood.fr\/?product=boite-a-glace-pour-machine-capacite-160-kg","title":{"rendered":"Bo\u00eete \u00e0 glace pour machine &#8211; Capacit\u00e9 160 Kg"},"content":{"rendered":"<p><span style=\"background-color: #ffffff; color: #2185c2;\"><strong><span style=\"font-size: medium;\"><span data-sheets-value=\"{&quot;1&quot;:2,&quot;2&quot;:&quot;Coperchio in acciaio inox per depositi PFI305DE con macchine serie PFI-P&quot;}\" data-sheets-userformat=\"{&quot;2&quot;:6787,&quot;3&quot;:{&quot;1&quot;:0},&quot;4&quot;:{&quot;1&quot;:3,&quot;3&quot;:2},&quot;10&quot;:2,&quot;12&quot;:0,&quot;14&quot;:{&quot;1&quot;:2,&quot;2&quot;:0},&quot;15&quot;:&quot;arial,sans,sans-serif&quot;}\">Bo\u00eete \u00e0 glace pour machine &#8211; Capacit\u00e9 160 Kg <\/span><\/span><\/strong><\/span><\/p>\n<p><span style=\"color: #000000;\">&#8211; Compatible uniquement avec les machines vendues dans notre magasin\u00a0\u00a0<\/span><\/p>\n<p>&nbsp;<\/p>\n<p><span style=\"background-color: #ffffff; color: #000000;\">\u00a0<\/span><\/p>\n","protected":false},"excerpt":{"rendered":"<p>Bo\u00eete \u00e0 glace pour machine &#8211; Capacit\u00e9 160 Kg &#8211; Compatible uniquement avec les machines vendues dans notre magasin\u00a0\u00a0 &nbsp; \u00a0<\/p>\n","protected":false},"featured_media":83225,"template":"","meta":{"inline_featured_image":false},"product_brand":[],"product_cat":[],"product_tag":[],"class_list":{"0":"post-83224","1":"product","2":"type-product","3":"status-publish","4":"has-post-thumbnail","6":"pa_capacite-conteneur-kg-160-kg","7":"pa_codice-produttore-ice-tech-b-135","8":"pa_dimensions-l762xp819xh740-mm","9":"pa_ean-22346","10":"pa_fornitore-castelmac-spa","11":"pa_madeinitaly-non","12":"pa_structure-externe-acier-inoxydable","14":"first","15":"instock","16":"taxable","17":"shipping-taxable","18":"purchasable","19":"product-type-simple"},"df_price":1079,"df_sale_price":"","df_regular_price":1079,"df_image_link":"https:\/\/projectfood.fr\/wp-content\/uploads\/2023\/01\/PFG135AV-min-300x300.jpg","_links":{"self":[{"href":"https:\/\/projectfood.fr\/index.php?rest_route=\/wp\/v2\/product\/83224","targetHints":{"allow":["GET"]}}],"collection":[{"href":"https:\/\/projectfood.fr\/index.php?rest_route=\/wp\/v2\/product"}],"about":[{"href":"https:\/\/projectfood.fr\/index.php?rest_route=\/wp\/v2\/types\/product"}],"wp:featuredmedia":[{"embeddable":true,"href":"https:\/\/projectfood.fr\/index.php?rest_route=\/wp\/v2\/media\/83225"}],"wp:attachment":[{"href":"https:\/\/projectfood.fr\/index.php?rest_route=%2Fwp%2Fv2%2Fmedia&parent=83224"}],"wp:term":[{"taxonomy":"product_brand","embeddable":true,"href":"https:\/\/projectfood.fr\/index.php?rest_route=%2Fwp%2Fv2%2Fproduct_brand&post=83224"},{"taxonomy":"product_cat","embeddable":true,"href":"https:\/\/projectfood.fr\/index.php?rest_route=%2Fwp%2Fv2%2Fproduct_cat&post=83224"},{"taxonomy":"product_tag","embeddable":true,"href":"https:\/\/projectfood.fr\/index.php?rest_route=%2Fwp%2Fv2%2Fproduct_tag&post=83224"}],"curies":[{"name":"wp","href":"https:\/\/api.w.org\/{rel}","templated":true}]}}