{"id":84824,"date":"2023-08-23T10:18:37","date_gmt":"2023-08-23T08:18:37","guid":{"rendered":"https:\/\/projectfood-fr.stackstaging.com\/?post_type=product&#038;p=84824"},"modified":"2024-02-24T12:30:00","modified_gmt":"2024-02-24T11:30:00","slug":"grille-plastifiee-noire-supplementaire-pour-les-refrigerateurs-a-boissons-gpb55","status":"publish","type":"product","link":"https:\/\/projectfood.fr\/?product=grille-plastifiee-noire-supplementaire-pour-les-refrigerateurs-a-boissons-gpb55","title":{"rendered":"Grille plastifi\u00e9e noire suppl\u00e9mentaire pour les r\u00e9frig\u00e9rateurs \u00e0 boissons"},"content":{"rendered":"<p><span style=\"color: #2185c2;\"><strong>Grille plastifi\u00e9e noire suppl\u00e9mentaire pour les r\u00e9frig\u00e9rateurs \u00e0\u00a0 boissons\u00a0<\/strong><\/span><\/p>\n","protected":false},"excerpt":{"rendered":"<p style=\"text-align: center;\"><span style=\"color: #2185c2;\"><strong>LIVRAISON PROMPTE<\/strong><\/span><\/p>\n","protected":false},"featured_media":84820,"template":"","meta":{"inline_featured_image":false},"product_brand":[],"product_cat":[1374],"product_tag":[],"class_list":{"0":"post-84824","1":"product","2":"type-product","3":"status-publish","4":"has-post-thumbnail","6":"product_cat-griglie-per-frigo","7":"pa_ean-23667","8":"pa_prontaconsegna-oui","10":"first","11":"instock","12":"taxable","13":"shipping-taxable","14":"purchasable","15":"product-type-simple"},"df_price":21,"df_sale_price":"","df_regular_price":21,"df_image_link":"https:\/\/projectfood.fr\/wp-content\/uploads\/2023\/08\/GRIGLIA-NERA-min-300x300-1.jpg","_links":{"self":[{"href":"https:\/\/projectfood.fr\/index.php?rest_route=\/wp\/v2\/product\/84824","targetHints":{"allow":["GET"]}}],"collection":[{"href":"https:\/\/projectfood.fr\/index.php?rest_route=\/wp\/v2\/product"}],"about":[{"href":"https:\/\/projectfood.fr\/index.php?rest_route=\/wp\/v2\/types\/product"}],"wp:featuredmedia":[{"embeddable":true,"href":"https:\/\/projectfood.fr\/index.php?rest_route=\/wp\/v2\/media\/84820"}],"wp:attachment":[{"href":"https:\/\/projectfood.fr\/index.php?rest_route=%2Fwp%2Fv2%2Fmedia&parent=84824"}],"wp:term":[{"taxonomy":"product_brand","embeddable":true,"href":"https:\/\/projectfood.fr\/index.php?rest_route=%2Fwp%2Fv2%2Fproduct_brand&post=84824"},{"taxonomy":"product_cat","embeddable":true,"href":"https:\/\/projectfood.fr\/index.php?rest_route=%2Fwp%2Fv2%2Fproduct_cat&post=84824"},{"taxonomy":"product_tag","embeddable":true,"href":"https:\/\/projectfood.fr\/index.php?rest_route=%2Fwp%2Fv2%2Fproduct_tag&post=84824"}],"curies":[{"name":"wp","href":"https:\/\/api.w.org\/{rel}","templated":true}]}}