{"id":84826,"date":"2023-08-23T10:22:53","date_gmt":"2023-08-23T08:22:53","guid":{"rendered":"https:\/\/projectfood-fr.stackstaging.com\/?post_type=product&#038;p=84826"},"modified":"2024-02-24T12:30:00","modified_gmt":"2024-02-24T11:30:00","slug":"grille-plastifiee-blanche-supplementaire-pour-les-refrigerateurs-a-boissons-4","status":"publish","type":"product","link":"https:\/\/projectfood.fr\/?product=grille-plastifiee-blanche-supplementaire-pour-les-refrigerateurs-a-boissons-4","title":{"rendered":"Grille plastifi\u00e9e blanche suppl\u00e9mentaire pour les r\u00e9frig\u00e9rateurs \u00e0 boissons"},"content":{"rendered":"<p><span style=\"color: #2185c2;\"><strong>Grille plastifi\u00e9e blanche suppl\u00e9mentaire pour les r\u00e9frig\u00e9rateurs \u00e0\u00a0 boissons\u00a0<\/strong><\/span><\/p>\n","protected":false},"excerpt":{"rendered":"<p style=\"text-align: center;\"><span style=\"color: #2185c2;\"><strong>LIVRAISON PROMPTE<\/strong><\/span><\/p>\n","protected":false},"featured_media":84823,"template":"","meta":{"inline_featured_image":false},"product_brand":[],"product_cat":[1374],"product_tag":[],"class_list":{"0":"post-84826","1":"product","2":"type-product","3":"status-publish","4":"has-post-thumbnail","6":"product_cat-griglie-per-frigo","7":"pa_ean-23665","9":"first","10":"instock","11":"taxable","12":"shipping-taxable","13":"purchasable","14":"product-type-simple"},"df_price":30,"df_sale_price":"","df_regular_price":30,"df_image_link":"https:\/\/projectfood.fr\/wp-content\/uploads\/2023\/08\/products-she16_1-300x300-3.jpg","_links":{"self":[{"href":"https:\/\/projectfood.fr\/index.php?rest_route=\/wp\/v2\/product\/84826","targetHints":{"allow":["GET"]}}],"collection":[{"href":"https:\/\/projectfood.fr\/index.php?rest_route=\/wp\/v2\/product"}],"about":[{"href":"https:\/\/projectfood.fr\/index.php?rest_route=\/wp\/v2\/types\/product"}],"wp:featuredmedia":[{"embeddable":true,"href":"https:\/\/projectfood.fr\/index.php?rest_route=\/wp\/v2\/media\/84823"}],"wp:attachment":[{"href":"https:\/\/projectfood.fr\/index.php?rest_route=%2Fwp%2Fv2%2Fmedia&parent=84826"}],"wp:term":[{"taxonomy":"product_brand","embeddable":true,"href":"https:\/\/projectfood.fr\/index.php?rest_route=%2Fwp%2Fv2%2Fproduct_brand&post=84826"},{"taxonomy":"product_cat","embeddable":true,"href":"https:\/\/projectfood.fr\/index.php?rest_route=%2Fwp%2Fv2%2Fproduct_cat&post=84826"},{"taxonomy":"product_tag","embeddable":true,"href":"https:\/\/projectfood.fr\/index.php?rest_route=%2Fwp%2Fv2%2Fproduct_tag&post=84826"}],"curies":[{"name":"wp","href":"https:\/\/api.w.org\/{rel}","templated":true}]}}