{"id":86344,"date":"2023-09-25T11:38:07","date_gmt":"2023-09-25T09:38:07","guid":{"rendered":"https:\/\/projectfood-fr.stackstaging.com\/?post_type=product&#038;p=86344"},"modified":"2023-09-25T11:52:09","modified_gmt":"2023-09-25T09:52:09","slug":"sonde-au-coeur-avec-poignee-en-teflon","status":"publish","type":"product","link":"https:\/\/projectfood.fr\/?product=sonde-au-coeur-avec-poignee-en-teflon","title":{"rendered":"Sonde au c\u0153ur avec poign\u00e9e en t\u00e9flon"},"content":{"rendered":"<p><span style=\"color: #000000;\">Sonde au c\u0153ur avec poign\u00e9e en t\u00e9flon<\/span><\/p>\n","protected":false},"excerpt":{"rendered":"<p><span style=\"font-size: small;\"><strong><span style=\"color: #339966;\">MADE <\/span><span style=\"color: #c0c0c0;\">IN<\/span> <span style=\"color: #ff6600;\"><span style=\"color: #ff0000;\">ITALY<\/span>\u00a0 <span style=\"color: #000000;\">&#8211;<\/span> <span style=\"color: #2185c2;\">LIVRAISON PROMPTE<\/span><\/span><\/strong><\/span><\/p>\n","protected":false},"featured_media":86356,"template":"","meta":{"inline_featured_image":false},"product_brand":[],"product_cat":[1612],"product_tag":[],"class_list":{"0":"post-86344","1":"product","2":"type-product","3":"status-publish","4":"has-post-thumbnail","6":"product_cat-supports-pizza","7":"pa_codice-produttore-ekscs","8":"pa_ean-22994","9":"pa_fornitore-tecnoeka","10":"pa_madeinitaly-oui","12":"first","13":"instock","14":"taxable","15":"shipping-taxable","16":"purchasable","17":"product-type-simple"},"df_price":175,"df_sale_price":"","df_regular_price":175,"df_image_link":"https:\/\/projectfood.fr\/wp-content\/uploads\/2023\/09\/products-eksc-300x300-1.jpg","_links":{"self":[{"href":"https:\/\/projectfood.fr\/index.php?rest_route=\/wp\/v2\/product\/86344","targetHints":{"allow":["GET"]}}],"collection":[{"href":"https:\/\/projectfood.fr\/index.php?rest_route=\/wp\/v2\/product"}],"about":[{"href":"https:\/\/projectfood.fr\/index.php?rest_route=\/wp\/v2\/types\/product"}],"wp:featuredmedia":[{"embeddable":true,"href":"https:\/\/projectfood.fr\/index.php?rest_route=\/wp\/v2\/media\/86356"}],"wp:attachment":[{"href":"https:\/\/projectfood.fr\/index.php?rest_route=%2Fwp%2Fv2%2Fmedia&parent=86344"}],"wp:term":[{"taxonomy":"product_brand","embeddable":true,"href":"https:\/\/projectfood.fr\/index.php?rest_route=%2Fwp%2Fv2%2Fproduct_brand&post=86344"},{"taxonomy":"product_cat","embeddable":true,"href":"https:\/\/projectfood.fr\/index.php?rest_route=%2Fwp%2Fv2%2Fproduct_cat&post=86344"},{"taxonomy":"product_tag","embeddable":true,"href":"https:\/\/projectfood.fr\/index.php?rest_route=%2Fwp%2Fv2%2Fproduct_tag&post=86344"}],"curies":[{"name":"wp","href":"https:\/\/api.w.org\/{rel}","templated":true}]}}