{"id":87861,"date":"2023-10-27T14:15:50","date_gmt":"2023-10-27T12:15:50","guid":{"rendered":"https:\/\/projectfood-fr.stackstaging.com\/?post_type=product&#038;p=87861"},"modified":"2024-02-24T12:30:43","modified_gmt":"2024-02-24T11:30:43","slug":"crochet-pour-planetaire-pfe20pl","status":"publish","type":"product","link":"https:\/\/projectfood.fr\/?product=crochet-pour-planetaire-pfe20pl","title":{"rendered":"Crochet pour plan\u00e9taire PFE20PL"},"content":{"rendered":"<p><strong><span style=\"color: #2185c2; font-size: medium;\">Crochet pour p\u00e9trisseuse plan\u00e9taire (mod\u00e8le PFE20PL)<\/span><\/strong><\/p>\n<p><span style=\"color: #000000;\">Crochet pour p\u00e9trisseuse plan\u00e9taire (mod\u00e8le PFE20PL), accessoire pour plan\u00e9taires.<\/span><\/p>\n","protected":false},"excerpt":{"rendered":"<p style=\"text-align: center;\"><strong><span style=\"font-size: medium; color: #000000;\"><span style=\"color: #2185c2;\">LIVRAISON PROMPTE <\/span>&#8211; <span style=\"color: #339966;\">ACCESSOIRE<\/span><\/span><\/strong><\/p>\n","protected":false},"featured_media":87860,"template":"","meta":{"inline_featured_image":false},"product_brand":[],"product_cat":[23153],"product_tag":[],"class_list":{"0":"post-87861","1":"product","2":"type-product","3":"status-publish","4":"has-post-thumbnail","6":"product_cat-accessoires-equipement-de-cuisine","7":"pa_codice-produttore-acb20khk","8":"pa_ean-23165","9":"pa_fornitore-fimar","10":"pa_prontaconsegna-oui","12":"first","13":"instock","14":"taxable","15":"shipping-taxable","16":"purchasable","17":"product-type-simple"},"df_price":46,"df_sale_price":"","df_regular_price":46,"df_image_link":"https:\/\/projectfood.fr\/wp-content\/uploads\/2023\/10\/UNAP30-300x300-1.jpg","_links":{"self":[{"href":"https:\/\/projectfood.fr\/index.php?rest_route=\/wp\/v2\/product\/87861","targetHints":{"allow":["GET"]}}],"collection":[{"href":"https:\/\/projectfood.fr\/index.php?rest_route=\/wp\/v2\/product"}],"about":[{"href":"https:\/\/projectfood.fr\/index.php?rest_route=\/wp\/v2\/types\/product"}],"wp:featuredmedia":[{"embeddable":true,"href":"https:\/\/projectfood.fr\/index.php?rest_route=\/wp\/v2\/media\/87860"}],"wp:attachment":[{"href":"https:\/\/projectfood.fr\/index.php?rest_route=%2Fwp%2Fv2%2Fmedia&parent=87861"}],"wp:term":[{"taxonomy":"product_brand","embeddable":true,"href":"https:\/\/projectfood.fr\/index.php?rest_route=%2Fwp%2Fv2%2Fproduct_brand&post=87861"},{"taxonomy":"product_cat","embeddable":true,"href":"https:\/\/projectfood.fr\/index.php?rest_route=%2Fwp%2Fv2%2Fproduct_cat&post=87861"},{"taxonomy":"product_tag","embeddable":true,"href":"https:\/\/projectfood.fr\/index.php?rest_route=%2Fwp%2Fv2%2Fproduct_tag&post=87861"}],"curies":[{"name":"wp","href":"https:\/\/api.w.org\/{rel}","templated":true}]}}