{"id":88051,"date":"2023-11-08T15:55:07","date_gmt":"2023-11-08T14:55:07","guid":{"rendered":"https:\/\/projectfood-fr.stackstaging.com\/?post_type=product&#038;p=88051"},"modified":"2024-02-24T12:28:36","modified_gmt":"2024-02-24T11:28:36","slug":"gyros-professionnel-electrique-22-resistances-electriques-l510xp530xh750-mm","status":"publish","type":"product","link":"https:\/\/projectfood.fr\/?product=gyros-professionnel-electrique-22-resistances-electriques-l510xp530xh750-mm","title":{"rendered":"Gyros professionnel \u00e9lectrique 2+2 r\u00e9sistances \u00e9lectriques L510xP530xH750 mm"},"content":{"rendered":"<h2><span style=\"color: #2185c2; font-size: 16px;\"><strong>Gyros professionnel \u00e9lectrique 4 r\u00e9sistances \u00e9lectriques L510xP530xH750 mm<\/strong><\/span><\/h2>\n<p><span style=\"font-size: 16px; color: #000000;\"><span style=\"color: #000000;\">Le gyros professionnel est le produit appropri\u00e9 pour cuire la viande de kebab \u00a0<\/span><\/span><\/p>\n<p><span style=\"color: #000000; font-size: 16px;\">La structure du gyros, compris la tige et la broche, sont en <strong>acier inoxydable<\/strong><\/span><\/p>\n<p><span style=\"color: #000000; font-size: 16px;\"><strong>L\u2019alimentation <\/strong> de gyros est <strong>\u00e9lectrique<span style=\"color: #000000;\"> monophas\u00e9<\/span><\/strong><\/span><\/p>\n<p><span style=\"color: #000000; font-size: 16px;\">Les r\u00e9sistances peuvent \u00eatre ajust\u00e9es avec <strong>3 niveaux de puissance; <\/strong> La distance entre les r\u00e9sistances et la tige peut \u00eatre ajust\u00e9e \u00e0 volont\u00e9\u00a0\u00a0<\/span><\/p>\n<p><span style=\"color: #000000; font-size: 16px;\">Les quatre <strong>r\u00e9sistances sont infrarouges<\/strong> et sont \u00e9quip\u00e9es de<strong> verre de protection qui permet un nettoyage facile\u00a0<\/strong><\/span><\/p>\n<p><span style=\"color: #000000; font-size: 16px;\"><strong>Le moteur qui permet de faire tourner la broche est plac\u00e9 au-dessus de la tige <\/strong>command\u00e9e par une touche lat\u00e9rale\u00a0<\/span><\/p>\n<p><span style=\"color: #000000; font-size: 16px;\">La hauteur de cuisson est de 280 mm \u00e0 320 mm &#8211; poids maximal de viande de 5 kg \u00e0 10 kg avec un diam\u00e8tre n\u2019exc\u00e9dant pas 470 mm<\/span><\/p>\n<p><span style=\"color: #2185c2; font-size: 16px;\"><strong>Pour toute information, nous sommes \u00e0 votre disposition\u00a0<\/strong><\/span><\/p>\n","protected":false},"excerpt":{"rendered":"<p style=\"text-align: center;\"><span style=\"color: #339966; font-size: medium;\"><b>MADE <span style=\"color: #999999;\">IN<\/span> <span style=\"color: #ff0000;\">ITALY<\/span> <span style=\"color: #000000;\">&#8211;<\/span> <span style=\"color: #2185c2;\">LIVRAISON PROMPTE\u00a0<\/span><\/b><\/span><\/p>\n","protected":false},"featured_media":88052,"template":"","meta":{"inline_featured_image":false},"product_brand":[],"product_cat":[23302],"product_tag":[],"class_list":{"0":"post-88051","1":"product","2":"type-product","3":"status-publish","4":"has-post-thumbnail","6":"product_cat-gyros-cuisson-snack","7":"pa_alimentation-monophase-230v-1n-50hz","8":"pa_capacite-capacite-maximale-de-viande-de-5-kg-a-10-kg","9":"pa_codice-produttore-gry40","10":"pa_diametre-maximum-viande-470-mm","11":"pa_dimension-exterieure-lxp-l510xp530xh750-mm","12":"pa_ean-23331","13":"pa_fornitore-fimar","14":"pa_madeinitaly-oui","15":"pa_niveaux-de-puissance-3-2","16":"pa_prontaconsegna-oui","17":"pa_puissance-28-kw","19":"first","20":"instock","21":"taxable","22":"shipping-taxable","23":"purchasable","24":"product-type-simple"},"df_price":990,"df_sale_price":"","df_regular_price":990,"df_image_link":"https:\/\/projectfood.fr\/wp-content\/uploads\/2023\/11\/KEB40E-min-600x600-1-300x300.jpg","_links":{"self":[{"href":"https:\/\/projectfood.fr\/index.php?rest_route=\/wp\/v2\/product\/88051","targetHints":{"allow":["GET"]}}],"collection":[{"href":"https:\/\/projectfood.fr\/index.php?rest_route=\/wp\/v2\/product"}],"about":[{"href":"https:\/\/projectfood.fr\/index.php?rest_route=\/wp\/v2\/types\/product"}],"wp:featuredmedia":[{"embeddable":true,"href":"https:\/\/projectfood.fr\/index.php?rest_route=\/wp\/v2\/media\/88052"}],"wp:attachment":[{"href":"https:\/\/projectfood.fr\/index.php?rest_route=%2Fwp%2Fv2%2Fmedia&parent=88051"}],"wp:term":[{"taxonomy":"product_brand","embeddable":true,"href":"https:\/\/projectfood.fr\/index.php?rest_route=%2Fwp%2Fv2%2Fproduct_brand&post=88051"},{"taxonomy":"product_cat","embeddable":true,"href":"https:\/\/projectfood.fr\/index.php?rest_route=%2Fwp%2Fv2%2Fproduct_cat&post=88051"},{"taxonomy":"product_tag","embeddable":true,"href":"https:\/\/projectfood.fr\/index.php?rest_route=%2Fwp%2Fv2%2Fproduct_tag&post=88051"}],"curies":[{"name":"wp","href":"https:\/\/api.w.org\/{rel}","templated":true}]}}