{"id":88075,"date":"2023-11-09T11:19:24","date_gmt":"2023-11-09T10:19:24","guid":{"rendered":"https:\/\/projectfood-fr.stackstaging.com\/?post_type=product&#038;p=88075"},"modified":"2024-02-24T12:28:37","modified_gmt":"2024-02-24T11:28:37","slug":"gyros-a-gaz-professionnel-avec-88-bruleurs-l570xp620xh1200-mm","status":"publish","type":"product","link":"https:\/\/projectfood.fr\/?product=gyros-a-gaz-professionnel-avec-88-bruleurs-l570xp620xh1200-mm","title":{"rendered":"Gyros \u00e0 gaz professionnel avec 8+8  br\u00fbleurs L570xP620xH1200 mm"},"content":{"rendered":"<h2><span style=\"color: #2185c2; font-size: 16px;\"><strong>Gyros \u00e0 gaz professionnel avec 8+8 br\u00fbleurs L570xP620xH1200 mm<\/strong><\/span><\/h2>\n<p><span style=\"font-size: 16px; color: #000000;\">Le gyros professionnel est le produit appropri\u00e9 pour cuire la viande de kebab \u00a0<\/span><\/p>\n<p><span style=\"color: #000000; font-size: 16px;\">La structure du gyros, compris la tige et la broche, sont en <strong>acier inoxydable<\/strong><\/span><\/p>\n<p><span style=\"font-size: 16px; color: #000000;\"><strong>L\u2019alimentation <\/strong> du gyros est <strong>\u00e0 m\u00e9thane <\/strong>&#8211; kit de transformation au gpl en dotation\u00a0<\/span><\/p>\n<p><span style=\"color: #000000; font-size: 16px;\">Les <strong> br\u00fbleurs infrarouges sont dispos\u00e9s en double colonne pour une cuisson plus uniforme et plus rapide, ils peuvent \u00eatre r\u00e9gl\u00e9s via des s\u00e9lecteurs<\/strong><\/span><\/p>\n<p><span style=\"color: #000000; font-size: 14px;\"><span style=\"font-size: 16px;\">La distance entre les r\u00e9sistances et la tige peut \u00eatre ajust\u00e9e selon votre volont\u00e9<\/span>\u00a0<\/span><\/p>\n<p><span style=\"color: #000000; font-size: 16px;\">Les <strong> br\u00fbleurs sont \u00e9quip\u00e9s d\u2019un filet de protection amovible<\/strong> et d\u2019une plaque en c\u00e9ramique &#8211;<strong> allumage par pi\u00e9zo\u00e9lectrique<\/strong><\/span><\/p>\n<p><span style=\"color: #000000; font-size: 16px;\"><strong>Le moteur qui permet de faire tourner la broche est plac\u00e9 au-dessus de la tige <\/strong>command\u00e9e par un bouton lat\u00e9ral et aliment\u00e9 par un courant monophas\u00e9<\/span><\/p>\n<p><span style=\"color: #000000; font-size: 16px;\">La hauteur de cuisson utile est de 620 mm \u00e0 670 mm &#8211; poids maximal de viande de 50 kg \u00e0 80 kg avec un diam\u00e8tre n\u2019exc\u00e9dant pas 580 mm<\/span><\/p>\n<p><span style=\"color: #000000; font-size: 16px;\">Consommation au m\u00e9thane G20 : 1,27+1,27 m3\/h | G25 1,48+1,48 m3\/h &#8211; Consommation gpl G30\/G31 : 0,95+0,95 kg\/h<b><sup>\u00a0<\/sup><\/b><\/span><\/p>\n<p><span style=\"color: #2185c2; font-size: 16px;\"><strong>Pour toute information, nous sommes \u00e0 votre disposition\u00a0<\/strong><\/span><\/p>\n","protected":false},"excerpt":{"rendered":"<p style=\"text-align: center;\"><span style=\"color: #339966; font-size: medium;\"><b>MADE <span style=\"color: #999999;\">IN<\/span> <span style=\"color: #ff0000;\">ITALY<\/span> <span style=\"color: #000000;\">&#8211;<\/span> <span style=\"color: #2185c2;\">LIVRAISON PROMPTE\u00a0<\/span><\/b><\/span><\/p>\n","protected":false},"featured_media":88076,"template":"","meta":{"inline_featured_image":false},"product_brand":[],"product_cat":[23302],"product_tag":[],"class_list":{"0":"post-88075","1":"product","2":"type-product","3":"status-publish","4":"has-post-thumbnail","6":"product_cat-gyros-cuisson-snack","7":"pa_alimentation-moteur-de-tige-monophase-alimentation-gyros-methane","8":"pa_attaque-au-gaz-1-2g","9":"pa_capacite-capacite-maximale-de-viande-de-50-kg-a-80-kg","10":"pa_codice-produttore-gry80md","11":"pa_diametre-maximum-viande-580-mm","12":"pa_dimension-exterieure-lxp-l570xp620xh1120-mm","13":"pa_ean-23348","14":"pa_fornitore-fimar","15":"pa_hauteur-utile-mm-hauteur-utile-de-cuisson-de-620-mm-a-670-mm","16":"pa_madeinitaly-oui","17":"pa_niveaux-de-puissance-6-6","18":"pa_prontaconsegna-oui","19":"pa_puissance-136-kw-136-kw","21":"first","22":"instock","23":"taxable","24":"shipping-taxable","25":"purchasable","26":"product-type-simple"},"df_price":1856,"df_sale_price":"","df_regular_price":1856,"df_image_link":"https:\/\/projectfood.fr\/wp-content\/uploads\/2023\/11\/KEB82C-min-600x600-1-300x300.jpg","_links":{"self":[{"href":"https:\/\/projectfood.fr\/index.php?rest_route=\/wp\/v2\/product\/88075","targetHints":{"allow":["GET"]}}],"collection":[{"href":"https:\/\/projectfood.fr\/index.php?rest_route=\/wp\/v2\/product"}],"about":[{"href":"https:\/\/projectfood.fr\/index.php?rest_route=\/wp\/v2\/types\/product"}],"wp:featuredmedia":[{"embeddable":true,"href":"https:\/\/projectfood.fr\/index.php?rest_route=\/wp\/v2\/media\/88076"}],"wp:attachment":[{"href":"https:\/\/projectfood.fr\/index.php?rest_route=%2Fwp%2Fv2%2Fmedia&parent=88075"}],"wp:term":[{"taxonomy":"product_brand","embeddable":true,"href":"https:\/\/projectfood.fr\/index.php?rest_route=%2Fwp%2Fv2%2Fproduct_brand&post=88075"},{"taxonomy":"product_cat","embeddable":true,"href":"https:\/\/projectfood.fr\/index.php?rest_route=%2Fwp%2Fv2%2Fproduct_cat&post=88075"},{"taxonomy":"product_tag","embeddable":true,"href":"https:\/\/projectfood.fr\/index.php?rest_route=%2Fwp%2Fv2%2Fproduct_tag&post=88075"}],"curies":[{"name":"wp","href":"https:\/\/api.w.org\/{rel}","templated":true}]}}