{"id":88227,"date":"2023-11-20T14:40:31","date_gmt":"2023-11-20T13:40:31","guid":{"rendered":"https:\/\/projectfood-fr.stackstaging.com\/?post_type=product&#038;p=88227"},"modified":"2024-02-24T12:30:24","modified_gmt":"2024-02-24T11:30:24","slug":"lave-verres-mecanique-avec-panier-o-36-cm-avec-doseur-de-rincage-et-detergent-pompe-de-vidange","status":"publish","type":"product","link":"https:\/\/projectfood.fr\/?product=lave-verres-mecanique-avec-panier-o-36-cm-avec-doseur-de-rincage-et-detergent-pompe-de-vidange","title":{"rendered":"Lave-verres m\u00e9canique avec panier \u00d8 36 cm avec doseur de rin\u00e7age et d\u00e9tergent + pompe de vidange"},"content":{"rendered":"<p style=\"text-align: justify;\"><span style=\"color: #2185c2; font-size: medium;\"><strong>Pourquoi acheter une lave-verres Project Food?<\/strong><\/span><\/p>\n<p><span style=\"color: #000000;\"><span style=\"text-align: justify;\">G\u00e9rez les cycles de lavage avec quelques boutons et gagnez un temps pr\u00e9cieux! <\/span><strong>Le cycle de lavage fixe de 120 secondes<\/strong><span style=\"text-align: justify;\"> garantit une capacit\u00e9 de lavage de <\/span><strong>30 paniers par heure.<\/strong><\/span><\/p>\n<p><span style=\"color: #000000; text-align: justify;\">Apr\u00e8s la phase de chauffage initiale, appuyez simplement sur les boutons d\u2019alimentation et start pour d\u00e9marrer, attendez 2 minutes, t\u00e9l\u00e9chargez le panier, et d\u00e9marrez le deuxi\u00e8me cycle.<\/span><\/p>\n<p><span style=\"color: #000000;\"><strong style=\"text-align: justify;\">L<span style=\"color: #000000;\">a hauteur utile de 24 cm <\/span><\/strong><span style=\"text-align: justify;\">permet d\u2019accueillir des verres de cette taille. Cela rend la lave-verres id\u00e9al pour \u00eatre utilis\u00e9 comme lave-vaisselle et comme lave-verres.<\/span><\/span><\/p>\n<p style=\"text-align: justify;\"><span style=\"color: #000000;\">Ce mod\u00e8le de lave-verres a un <strong>panier rond diam\u00e8tre 36 cm.<\/strong><\/span><\/p>\n<p style=\"text-align: justify;\"><span style=\"color: #000000;\"><strong style=\"text-align: justify;\">Structure<\/strong><span style=\"text-align: justify;\"> enti\u00e8rement construite en <\/span><strong style=\"text-align: justify;\">acier inox.<\/strong><\/span><\/p>\n<p style=\"text-align: justify;\"><strong><span style=\"color: #000000;\">Panneau de commande enti\u00e8rement m\u00e9canique<\/span><\/strong><\/p>\n<p><span style=\"color: #000000;\">La<strong style=\"text-align: justify;\">\u00a0lave-verres est \u00e9quip\u00e9 d\u2019une pompe de vidange <\/strong>qui permet de d\u00e9charger la machine m\u00eame si vous n\u2019avez pas de vidange en pente<span style=\"text-align: justify;\">.<\/span><\/span><\/p>\n<p style=\"text-align: justify;\"><span style=\"color: #000000;\"><strong style=\"text-align: justify;\">Doseur<\/strong><span style=\"text-align: justify;\"> p\u00e9ristaltique temporis\u00e9 de <\/span><strong style=\"text-align: justify;\">rin\u00e7age et d\u00e9tergent de s\u00e9rie.<\/strong><\/span><\/p>\n<p style=\"text-align: justify;\"><span style=\"color: #000000; text-align: justify;\">Acc\u00e8s frontal \u00e0 tous les composants.<\/span><\/p>\n<p style=\"text-align: justify;\"><span style=\"color: #000000; text-align: justify;\">Disposition interne des composants con\u00e7ue pour assurer une accessibilit\u00e9 rapide pendant les interventions de maintenance.<\/span><\/p>\n<p style=\"text-align: justify;\"><span style=\"color: #000000; text-align: justify;\">Automatisation compl\u00e8te des op\u00e9rations de chargement du bassin et du chauffage.<\/span><\/p>\n<p><span style=\"color: #000000;\"><strong style=\"text-align: justify;\">Chauffe-eau int\u00e9gr\u00e9 en acier inox <\/strong><span style=\"text-align: justify;\">avec thermostat r\u00e9glable et thermostat de s\u00e9curit\u00e9 pour arr\u00eater le chauffage en cas de manque d\u2019eau.<\/span><\/span><\/p>\n<p><span style=\"color: #000000; text-align: justify;\">Microfiltre sur l\u2019aspiration de la pompe pour assurer une filtration parfaite de l\u2019eau.<\/span><\/p>\n<p><span style=\"color: #000000; text-align: justify;\">Vanne anti-retour pour \u00e9viter les reflux d\u2019eau dans le r\u00e9seau hydrique.<\/span><\/p>\n<p><span style=\"color: #000000; text-align: justify;\">Micro-interrupteur de s\u00e9curit\u00e9 pour \u00e9viter la fuite d\u2019eau nettoy\u00e9e en cas d\u2019ouverture de la porte \u00e0 boucle ouverte<\/span><\/p>\n<p><span style=\"color: #000000;\">Comme accessoire, il y a des <strong>bras de lavage en acier inoxydable<\/strong><\/span><\/p>\n<p style=\"text-align: justify;\"><strong style=\"color: #2185c2; text-align: justify;\">COMMENT FONCTIONNE LA PERSONNALISATION DES LAVE-VERRES?<\/strong><\/p>\n<p><span style=\"color: #000000;\"><span style=\"text-align: justify;\">Projectfood vous donne la possibi<span style=\"color: #000000;\">lit\u00e9 de personnaliser <\/span><\/span><strong style=\"text-align: justify;\">la lave-verres avec des graphiques personnalis\u00e9s<\/strong><span style=\"text-align: justify;\">, ce qui permet d\u2019avoir une lave-verres fonctionnel et d\u2019ameublement<\/span><\/span><\/p>\n<p><span style=\"color: #000000; text-align: justify;\">Les co\u00fbts de personnalisation sont \u00e9num\u00e9r\u00e9s dans les accessoires\u00a0<\/span><\/p>\n<p><span style=\"color: #000000; text-align: justify;\">Une fois que vous avez achet\u00e9 la personnalisation, vous devrez nous fournir le graphique \u00e0 appliquer ou demander \u00e0 un de nos graphistes de le d\u00e9velopper<\/span><\/p>\n<p style=\"text-align: justify;\"><strong style=\"color: #2185c2;\">\u00c9QUIPEMENT DE S\u00c9RIE:<\/strong><\/p>\n<ul>\n<li style=\"text-align: justify;\"><span style=\"color: #000000;\">N.2 Paniers diam\u00e8tre 36 cm<\/span><\/li>\n<li><span style=\"color: #000000;\">N.1 <span style=\"text-align: justify;\">Porte-cuill\u00e8res<\/span>\u00a0<\/span><\/li>\n<li><span style=\"color: #000000;\">Pompe de vidange<\/span><\/li>\n<li style=\"text-align: justify;\"><span style=\"color: #000000;\"><span style=\"text-align: justify;\">Distributeur de liquide de rin\u00e7age et d\u00e9tergent inclus<\/span><\/span><\/li>\n<\/ul>\n<p><strong style=\"color: #2185c2; text-align: justify;\">Pour toute information, nous sommes \u00e0 votre disposition<\/strong><\/p>\n","protected":false},"excerpt":{"rendered":"<p style=\"text-align: center;\"><span style=\"color: #3366ff;\"><strong><span style=\"color: #339966;\">MADE<\/span><span style=\"color: #c0c0c0;\"> IN<\/span> <span style=\"color: #ff0000;\">ITALY<\/span> &#8211;\u00a0<span style=\"color: #2185c2;\"><strong>LIVRAISON PROMPTE<\/strong><\/span><\/strong><\/span><\/p>\n<p style=\"text-align: center;\"><div class=\"su-youtube su-u-responsive-media-yes\"><iframe width=\"500\" height=\"400\" src=\"https:\/\/www.youtube.com\/embed\/NrDweD2GkuQ?autohide=2&amp;autoplay=1&amp;mute=1&amp;controls=1&amp;fs=1&amp;loop=1&amp;modestbranding=1&amp;playlist=NrDweD2GkuQ&amp;rel=0&amp;showinfo=1&amp;theme=dark&amp;wmode=opaco&amp;playsinline=0\" frameborder=\"0\" allowfullscreen allow=\"autoplay; encrypted-media; picture-in-picture\" title=\"\"><\/iframe><\/div><\/p>\n<p>&nbsp;<\/p>\n","protected":false},"featured_media":88228,"template":"","meta":{"inline_featured_image":false},"product_brand":[],"product_cat":[1501,1502],"product_tag":[],"class_list":{"0":"post-88227","1":"product","2":"type-product","3":"status-publish","4":"has-post-thumbnail","6":"product_cat-lave-verres-professionnel","7":"product_cat-mecanique-2","8":"pa_24-heures-non","9":"pa_alimentation-monophase","10":"pa_capacite-reservoir-lt-7-5-lt","11":"pa_codice-produttore-jet350rdps","12":"pa_dimension-exterieure-lxp-l400xp470xh615-mm","13":"pa_dimensions-panier-cm-oe36","14":"pa_doseur-rincage-oui","15":"pa_ean-23412","16":"pa_equipement-de-serie-n-2-paniers-ronds-n-1-porte-cuilleres","17":"pa_fornitore-sistema-project","18":"pa_madeinitaly-oui","19":"pa_panneau-de-commande-mecanique","20":"pa_passage-utile-255-mm","21":"pa_pompe-de-decharge-oui","22":"pa_portata-pommm-q-120-lt-m-hmax-72-mt","23":"pa_pression-alimentation-eau-2-atm-3-4-gaz","24":"pa_production-horaire-1100-tasses-ou-verres","25":"pa_prontaconsegna-oui","26":"pa_puissance-absorbee-watt-3180-watt","27":"pa_resistance-bassin-500-watt","28":"pa_resistance-chauffe-eau-2400-watt-2","29":"pa_temps-restant-120-secondes","30":"pa_type-de-panier-rond","32":"first","33":"instock","34":"sale","35":"taxable","36":"shipping-taxable","37":"purchasable","38":"product-type-simple"},"df_price":779,"df_sale_price":779,"df_regular_price":884,"df_image_link":"https:\/\/projectfood.fr\/wp-content\/uploads\/2023\/11\/EC35-40QRP_IMMAGINE-min-600x600-1-300x300.jpg","_links":{"self":[{"href":"https:\/\/projectfood.fr\/index.php?rest_route=\/wp\/v2\/product\/88227","targetHints":{"allow":["GET"]}}],"collection":[{"href":"https:\/\/projectfood.fr\/index.php?rest_route=\/wp\/v2\/product"}],"about":[{"href":"https:\/\/projectfood.fr\/index.php?rest_route=\/wp\/v2\/types\/product"}],"wp:featuredmedia":[{"embeddable":true,"href":"https:\/\/projectfood.fr\/index.php?rest_route=\/wp\/v2\/media\/88228"}],"wp:attachment":[{"href":"https:\/\/projectfood.fr\/index.php?rest_route=%2Fwp%2Fv2%2Fmedia&parent=88227"}],"wp:term":[{"taxonomy":"product_brand","embeddable":true,"href":"https:\/\/projectfood.fr\/index.php?rest_route=%2Fwp%2Fv2%2Fproduct_brand&post=88227"},{"taxonomy":"product_cat","embeddable":true,"href":"https:\/\/projectfood.fr\/index.php?rest_route=%2Fwp%2Fv2%2Fproduct_cat&post=88227"},{"taxonomy":"product_tag","embeddable":true,"href":"https:\/\/projectfood.fr\/index.php?rest_route=%2Fwp%2Fv2%2Fproduct_tag&post=88227"}],"curies":[{"name":"wp","href":"https:\/\/api.w.org\/{rel}","templated":true}]}}