{"id":89405,"date":"2024-01-29T17:09:18","date_gmt":"2024-01-29T16:09:18","guid":{"rendered":"https:\/\/projectfood-fr.stackstaging.com\/?post_type=product&#038;p=89405"},"modified":"2024-02-24T12:29:59","modified_gmt":"2024-02-24T11:29:59","slug":"paire-de-glissieres-pour-table-a-l-pour-armoire-refrigeree","status":"publish","type":"product","link":"https:\/\/projectfood.fr\/?product=paire-de-glissieres-pour-table-a-l-pour-armoire-refrigeree","title":{"rendered":"Paire de glissi\u00e8res \u00e0 &#8220;L&#8221; pour armoire r\u00e9frig\u00e9r\u00e9e"},"content":{"rendered":"<p><strong><span style=\"font-size: 15px; color: #2185c2;\">Paire de glissi\u00e8res pour table \u00e0 &#8220;L&#8221; pour armoire r\u00e9frig\u00e9r\u00e9e <\/span><\/strong><\/p>\n","protected":false},"excerpt":{"rendered":"<p style=\"text-align: center;\"><span style=\"color: #2185c2;\"><strong>LIVRAISON PROMPTE<\/strong><\/span><\/p>\n","protected":false},"featured_media":89406,"template":"","meta":{"inline_featured_image":false},"product_brand":[],"product_cat":[],"product_tag":[],"class_list":{"0":"post-89405","1":"product","2":"type-product","3":"status-publish","4":"has-post-thumbnail","6":"pa_ean-4834","7":"pa_prontaconsegna-oui","9":"first","10":"instock","11":"taxable","12":"shipping-taxable","13":"purchasable","14":"product-type-simple"},"df_price":27,"df_sale_price":"","df_regular_price":27,"df_image_link":"https:\/\/projectfood.fr\/wp-content\/uploads\/2024\/01\/COPPA-GUIDA-IN-INOX-L-min-600x600-1-300x300.jpg","_links":{"self":[{"href":"https:\/\/projectfood.fr\/index.php?rest_route=\/wp\/v2\/product\/89405","targetHints":{"allow":["GET"]}}],"collection":[{"href":"https:\/\/projectfood.fr\/index.php?rest_route=\/wp\/v2\/product"}],"about":[{"href":"https:\/\/projectfood.fr\/index.php?rest_route=\/wp\/v2\/types\/product"}],"wp:featuredmedia":[{"embeddable":true,"href":"https:\/\/projectfood.fr\/index.php?rest_route=\/wp\/v2\/media\/89406"}],"wp:attachment":[{"href":"https:\/\/projectfood.fr\/index.php?rest_route=%2Fwp%2Fv2%2Fmedia&parent=89405"}],"wp:term":[{"taxonomy":"product_brand","embeddable":true,"href":"https:\/\/projectfood.fr\/index.php?rest_route=%2Fwp%2Fv2%2Fproduct_brand&post=89405"},{"taxonomy":"product_cat","embeddable":true,"href":"https:\/\/projectfood.fr\/index.php?rest_route=%2Fwp%2Fv2%2Fproduct_cat&post=89405"},{"taxonomy":"product_tag","embeddable":true,"href":"https:\/\/projectfood.fr\/index.php?rest_route=%2Fwp%2Fv2%2Fproduct_tag&post=89405"}],"curies":[{"name":"wp","href":"https:\/\/api.w.org\/{rel}","templated":true}]}}