{"id":89409,"date":"2024-01-29T17:41:17","date_gmt":"2024-01-29T16:41:17","guid":{"rendered":"https:\/\/projectfood-fr.stackstaging.com\/?post_type=product&#038;p=89409"},"modified":"2024-02-24T12:29:59","modified_gmt":"2024-02-24T11:29:59","slug":"grille-plastifiee-l600-mm-x-p800-mm-800","status":"publish","type":"product","link":"https:\/\/projectfood.fr\/?product=grille-plastifiee-l600-mm-x-p800-mm-800","title":{"rendered":"Grille plastifi\u00e9e L600 mm x P800 mm"},"content":{"rendered":"<p><strong><span style=\"font-size: 15px; color: #2185c2;\" data-sheets-value=\"{&quot;1&quot;:2,&quot;2&quot;:&quot;Grille plastifi\u00e9e L505 mm x P415 mm&quot;}\" data-sheets-userformat=\"{&quot;2&quot;:14915,&quot;3&quot;:{&quot;1&quot;:0},&quot;4&quot;:{&quot;1&quot;:3,&quot;3&quot;:2},&quot;9&quot;:0,&quot;12&quot;:0,&quot;14&quot;:{&quot;1&quot;:2,&quot;2&quot;:0},&quot;15&quot;:&quot;Arial&quot;,&quot;16&quot;:10}\">Grille plastifi\u00e9e pour armoire r\u00e9frig\u00e9r\u00e9e <\/span><\/strong><\/p>\n","protected":false},"excerpt":{"rendered":"<p style=\"text-align: center;\"><span style=\"color: #2185c2;\"><strong>LIVRAISON PROMPTE\u00a0<\/strong><\/span><\/p>\n","protected":false},"featured_media":89410,"template":"","meta":{"inline_featured_image":false},"product_brand":[],"product_cat":[1374],"product_tag":[],"class_list":{"0":"post-89409","1":"product","2":"type-product","3":"status-publish","4":"has-post-thumbnail","6":"product_cat-griglie-per-frigo","7":"pa_ean-4563","8":"pa_prontaconsegna-oui","10":"first","11":"instock","12":"taxable","13":"shipping-taxable","14":"purchasable","15":"product-type-simple"},"df_price":31,"df_sale_price":"","df_regular_price":31,"df_image_link":"https:\/\/projectfood.fr\/wp-content\/uploads\/2024\/01\/products-she16_1_1_1_1_2_1-300x300.jpg","_links":{"self":[{"href":"https:\/\/projectfood.fr\/index.php?rest_route=\/wp\/v2\/product\/89409","targetHints":{"allow":["GET"]}}],"collection":[{"href":"https:\/\/projectfood.fr\/index.php?rest_route=\/wp\/v2\/product"}],"about":[{"href":"https:\/\/projectfood.fr\/index.php?rest_route=\/wp\/v2\/types\/product"}],"wp:featuredmedia":[{"embeddable":true,"href":"https:\/\/projectfood.fr\/index.php?rest_route=\/wp\/v2\/media\/89410"}],"wp:attachment":[{"href":"https:\/\/projectfood.fr\/index.php?rest_route=%2Fwp%2Fv2%2Fmedia&parent=89409"}],"wp:term":[{"taxonomy":"product_brand","embeddable":true,"href":"https:\/\/projectfood.fr\/index.php?rest_route=%2Fwp%2Fv2%2Fproduct_brand&post=89409"},{"taxonomy":"product_cat","embeddable":true,"href":"https:\/\/projectfood.fr\/index.php?rest_route=%2Fwp%2Fv2%2Fproduct_cat&post=89409"},{"taxonomy":"product_tag","embeddable":true,"href":"https:\/\/projectfood.fr\/index.php?rest_route=%2Fwp%2Fv2%2Fproduct_tag&post=89409"}],"curies":[{"name":"wp","href":"https:\/\/api.w.org\/{rel}","templated":true}]}}