{"id":89447,"date":"2024-01-31T09:32:01","date_gmt":"2024-01-31T08:32:01","guid":{"rendered":"https:\/\/projectfood-fr.stackstaging.com\/?post_type=product&#038;p=89447"},"modified":"2024-02-24T12:30:04","modified_gmt":"2024-02-24T11:30:04","slug":"paire-de-glissieres-pour-table-refrigeree-profondeur-60-cm","status":"publish","type":"product","link":"https:\/\/projectfood.fr\/?product=paire-de-glissieres-pour-table-refrigeree-profondeur-60-cm","title":{"rendered":"Paire de glissi\u00e8res pour table r\u00e9frig\u00e9r\u00e9e profondeur 60 cm"},"content":{"rendered":"<p><strong><span style=\"font-size: 15px; color: #2185c2;\">Paire de glissi\u00e8res pour table r\u00e9frig\u00e9r\u00e9e <\/span><\/strong><\/p>\n","protected":false},"excerpt":{"rendered":"<p style=\"text-align: center;\"><span style=\"color: #2185c2;\"><strong>LIVRAISON PROMPTE<\/strong><\/span><\/p>\n","protected":false},"featured_media":89398,"template":"","meta":{"inline_featured_image":false},"product_brand":[],"product_cat":[],"product_tag":[],"class_list":{"0":"post-89447","1":"product","2":"type-product","3":"status-publish","4":"has-post-thumbnail","6":"pa_ean-4846","7":"pa_prontaconsegna-oui","9":"first","10":"instock","11":"taxable","12":"shipping-taxable","13":"purchasable","14":"product-type-simple"},"df_price":24,"df_sale_price":"","df_regular_price":24,"df_image_link":"https:\/\/projectfood.fr\/wp-content\/uploads\/2024\/01\/COPPA-GUIDA-IN-INOX-C-min-600x600-1-300x300.jpg","_links":{"self":[{"href":"https:\/\/projectfood.fr\/index.php?rest_route=\/wp\/v2\/product\/89447","targetHints":{"allow":["GET"]}}],"collection":[{"href":"https:\/\/projectfood.fr\/index.php?rest_route=\/wp\/v2\/product"}],"about":[{"href":"https:\/\/projectfood.fr\/index.php?rest_route=\/wp\/v2\/types\/product"}],"wp:featuredmedia":[{"embeddable":true,"href":"https:\/\/projectfood.fr\/index.php?rest_route=\/wp\/v2\/media\/89398"}],"wp:attachment":[{"href":"https:\/\/projectfood.fr\/index.php?rest_route=%2Fwp%2Fv2%2Fmedia&parent=89447"}],"wp:term":[{"taxonomy":"product_brand","embeddable":true,"href":"https:\/\/projectfood.fr\/index.php?rest_route=%2Fwp%2Fv2%2Fproduct_brand&post=89447"},{"taxonomy":"product_cat","embeddable":true,"href":"https:\/\/projectfood.fr\/index.php?rest_route=%2Fwp%2Fv2%2Fproduct_cat&post=89447"},{"taxonomy":"product_tag","embeddable":true,"href":"https:\/\/projectfood.fr\/index.php?rest_route=%2Fwp%2Fv2%2Fproduct_tag&post=89447"}],"curies":[{"name":"wp","href":"https:\/\/api.w.org\/{rel}","templated":true}]}}